{"id":2637,"date":"2021-05-19T11:20:05","date_gmt":"2021-05-19T09:20:05","guid":{"rendered":"https:\/\/lexitlegal.com\/producto\/registre-salarial\/"},"modified":"2023-09-19T14:04:00","modified_gmt":"2023-09-19T12:04:00","slug":"protocol-desconnexio-digital","status":"publish","type":"product","link":"https:\/\/lexitlegal.com\/ca\/producte\/protocol-desconnexio-digital\/","title":{"rendered":"Protocol de desconnexi\u00f3 digital"},"content":{"rendered":"","protected":false},"excerpt":{"rendered":"<p>Eviti\u00a0sancions a la vostra organitzaci\u00f3 per no disposar del Protocol de desconnexi\u00f3 digital. Redactem la pol\u00edtica interna juntament amb les mesures que caldr\u00e0 aplicar per garantir el dret a la desconnexi\u00f3 digital dels seus empleats.<\/p>\n","protected":false},"featured_media":3833,"comment_status":"open","ping_status":"closed","template":"","meta":{"_joinchat":[]},"product_cat":[76],"product_tag":[81],"class_list":{"0":"post-2637","1":"product","2":"type-product","3":"status-publish","4":"has-post-thumbnail","6":"product_cat-sense-categoritzar","7":"product_tag-registre-salarial","8":"sales-flash-overlay","9":"woocommerce-text-align-center","10":"woocommerce-image-align-center","11":"do-quantity-buttons","12":"wc-has-gallery","14":"first","15":"instock","16":"virtual","17":"sold-individually","18":"purchasable","19":"product-type-simple"},"yoast_head":"<!-- This site is optimized with the Yoast SEO plugin v25.6 - https:\/\/yoast.com\/wordpress\/plugins\/seo\/ -->\n<title>Protocol de desconnexi\u00f3 digital - Lexit Legal Advocats<\/title>\n<meta name=\"robots\" content=\"index, follow, max-snippet:-1, max-image-preview:large, max-video-preview:-1\" \/>\n<link rel=\"canonical\" href=\"https:\/\/lexitlegal.com\/producte\/protocolo-desconexion-digital\/\" \/>\n<meta property=\"og:locale\" content=\"ca_ES\" \/>\n<meta property=\"og:type\" content=\"article\" \/>\n<meta property=\"og:title\" content=\"Protocol de desconnexi\u00f3 digital - Lexit Legal Advocats\" \/>\n<meta property=\"og:description\" content=\"Eviti\u00a0sancions a la vostra organitzaci\u00f3 per no disposar del Protocol de desconnexi\u00f3 digital. Redactem la pol\u00edtica interna juntament amb les mesures que caldr\u00e0 aplicar per garantir el dret a la desconnexi\u00f3 digital dels seus empleats.\" \/>\n<meta property=\"og:url\" content=\"https:\/\/lexitlegal.com\/producte\/protocolo-desconexion-digital\/\" \/>\n<meta property=\"og:site_name\" content=\"Lexit Legal Advocats\" \/>\n<meta property=\"article:publisher\" content=\"https:\/\/m.facebook.com\/Lexit-Legal-Advocats-107647294479881\/\" \/>\n<meta property=\"article:modified_time\" content=\"2023-09-19T12:04:00+00:00\" \/>\n<meta property=\"og:image\" content=\"https:\/\/lexitlegal.com\/wp-content\/uploads\/2021\/05\/istockphoto-1416882297-612x612-1.webp\" \/>\n\t<meta property=\"og:image:width\" content=\"612\" \/>\n\t<meta property=\"og:image:height\" content=\"459\" \/>\n\t<meta property=\"og:image:type\" content=\"image\/webp\" \/>\n<meta name=\"twitter:card\" content=\"summary_large_image\" \/>\n<script type=\"application\/ld+json\" class=\"yoast-schema-graph\">{\"@context\":\"https:\/\/schema.org\",\"@graph\":[{\"@type\":\"WebPage\",\"@id\":\"https:\/\/lexitlegal.com\/producte\/protocolo-desconexion-digital\/\",\"url\":\"https:\/\/lexitlegal.com\/producte\/protocolo-desconexion-digital\/\",\"name\":\"Protocol de desconnexi\u00f3 digital - Lexit Legal Advocats\",\"isPartOf\":{\"@id\":\"https:\/\/lexitlegal.com\/#website\"},\"primaryImageOfPage\":{\"@id\":\"https:\/\/lexitlegal.com\/producte\/protocolo-desconexion-digital\/#primaryimage\"},\"image\":{\"@id\":\"https:\/\/lexitlegal.com\/producte\/protocolo-desconexion-digital\/#primaryimage\"},\"thumbnailUrl\":\"https:\/\/lexitlegal.com\/wp-content\/uploads\/2021\/05\/istockphoto-1416882297-612x612-1.webp\",\"datePublished\":\"2021-05-19T09:20:05+00:00\",\"dateModified\":\"2023-09-19T12:04:00+00:00\",\"breadcrumb\":{\"@id\":\"https:\/\/lexitlegal.com\/producte\/protocolo-desconexion-digital\/#breadcrumb\"},\"inLanguage\":\"ca\",\"potentialAction\":[{\"@type\":\"ReadAction\",\"target\":[\"https:\/\/lexitlegal.com\/producte\/protocolo-desconexion-digital\/\"]}]},{\"@type\":\"ImageObject\",\"inLanguage\":\"ca\",\"@id\":\"https:\/\/lexitlegal.com\/producte\/protocolo-desconexion-digital\/#primaryimage\",\"url\":\"https:\/\/lexitlegal.com\/wp-content\/uploads\/2021\/05\/istockphoto-1416882297-612x612-1.webp\",\"contentUrl\":\"https:\/\/lexitlegal.com\/wp-content\/uploads\/2021\/05\/istockphoto-1416882297-612x612-1.webp\",\"width\":612,\"height\":459},{\"@type\":\"BreadcrumbList\",\"@id\":\"https:\/\/lexitlegal.com\/producte\/protocolo-desconexion-digital\/#breadcrumb\",\"itemListElement\":[{\"@type\":\"ListItem\",\"position\":1,\"name\":\"Portada\",\"item\":\"https:\/\/lexitlegal.com\/\"},{\"@type\":\"ListItem\",\"position\":2,\"name\":\"Botiga\",\"item\":\"https:\/\/lexitlegal.com\/ca\/arees-de-practica\/\"},{\"@type\":\"ListItem\",\"position\":3,\"name\":\"Protocol de desconnexi\u00f3 digital\"}]},{\"@type\":\"WebSite\",\"@id\":\"https:\/\/lexitlegal.com\/#website\",\"url\":\"https:\/\/lexitlegal.com\/\",\"name\":\"Lexit Legal Advocats\",\"description\":\"\",\"publisher\":{\"@id\":\"https:\/\/lexitlegal.com\/#organization\"},\"potentialAction\":[{\"@type\":\"SearchAction\",\"target\":{\"@type\":\"EntryPoint\",\"urlTemplate\":\"https:\/\/lexitlegal.com\/?s={search_term_string}\"},\"query-input\":{\"@type\":\"PropertyValueSpecification\",\"valueRequired\":true,\"valueName\":\"search_term_string\"}}],\"inLanguage\":\"ca\"},{\"@type\":\"Organization\",\"@id\":\"https:\/\/lexitlegal.com\/#organization\",\"name\":\"Lexit Legal Advocats\",\"url\":\"https:\/\/lexitlegal.com\/\",\"logo\":{\"@type\":\"ImageObject\",\"inLanguage\":\"ca\",\"@id\":\"https:\/\/lexitlegal.com\/#\/schema\/logo\/image\/\",\"url\":\"https:\/\/lexitlegal.com\/wp-content\/uploads\/2020\/09\/lexit-advocats.svg\",\"contentUrl\":\"https:\/\/lexitlegal.com\/wp-content\/uploads\/2020\/09\/lexit-advocats.svg\",\"width\":273.317,\"height\":51.068,\"caption\":\"Lexit Legal Advocats\"},\"image\":{\"@id\":\"https:\/\/lexitlegal.com\/#\/schema\/logo\/image\/\"},\"sameAs\":[\"https:\/\/m.facebook.com\/Lexit-Legal-Advocats-107647294479881\/\",\"https:\/\/www.linkedin.com\/company\/lexit-legal-advocats\"]}]}<\/script>\n<!-- \/ Yoast SEO plugin. -->","yoast_head_json":{"title":"Protocol de desconnexi\u00f3 digital - Lexit Legal Advocats","robots":{"index":"index","follow":"follow","max-snippet":"max-snippet:-1","max-image-preview":"max-image-preview:large","max-video-preview":"max-video-preview:-1"},"canonical":"https:\/\/lexitlegal.com\/producte\/protocolo-desconexion-digital\/","og_locale":"ca_ES","og_type":"article","og_title":"Protocol de desconnexi\u00f3 digital - Lexit Legal Advocats","og_description":"Eviti\u00a0sancions a la vostra organitzaci\u00f3 per no disposar del Protocol de desconnexi\u00f3 digital. Redactem la pol\u00edtica interna juntament amb les mesures que caldr\u00e0 aplicar per garantir el dret a la desconnexi\u00f3 digital dels seus empleats.","og_url":"https:\/\/lexitlegal.com\/producte\/protocolo-desconexion-digital\/","og_site_name":"Lexit Legal Advocats","article_publisher":"https:\/\/m.facebook.com\/Lexit-Legal-Advocats-107647294479881\/","article_modified_time":"2023-09-19T12:04:00+00:00","og_image":[{"width":612,"height":459,"url":"https:\/\/lexitlegal.com\/wp-content\/uploads\/2021\/05\/istockphoto-1416882297-612x612-1.webp","type":"image\/webp"}],"twitter_card":"summary_large_image","schema":{"@context":"https:\/\/schema.org","@graph":[{"@type":"WebPage","@id":"https:\/\/lexitlegal.com\/producte\/protocolo-desconexion-digital\/","url":"https:\/\/lexitlegal.com\/producte\/protocolo-desconexion-digital\/","name":"Protocol de desconnexi\u00f3 digital - Lexit Legal Advocats","isPartOf":{"@id":"https:\/\/lexitlegal.com\/#website"},"primaryImageOfPage":{"@id":"https:\/\/lexitlegal.com\/producte\/protocolo-desconexion-digital\/#primaryimage"},"image":{"@id":"https:\/\/lexitlegal.com\/producte\/protocolo-desconexion-digital\/#primaryimage"},"thumbnailUrl":"https:\/\/lexitlegal.com\/wp-content\/uploads\/2021\/05\/istockphoto-1416882297-612x612-1.webp","datePublished":"2021-05-19T09:20:05+00:00","dateModified":"2023-09-19T12:04:00+00:00","breadcrumb":{"@id":"https:\/\/lexitlegal.com\/producte\/protocolo-desconexion-digital\/#breadcrumb"},"inLanguage":"ca","potentialAction":[{"@type":"ReadAction","target":["https:\/\/lexitlegal.com\/producte\/protocolo-desconexion-digital\/"]}]},{"@type":"ImageObject","inLanguage":"ca","@id":"https:\/\/lexitlegal.com\/producte\/protocolo-desconexion-digital\/#primaryimage","url":"https:\/\/lexitlegal.com\/wp-content\/uploads\/2021\/05\/istockphoto-1416882297-612x612-1.webp","contentUrl":"https:\/\/lexitlegal.com\/wp-content\/uploads\/2021\/05\/istockphoto-1416882297-612x612-1.webp","width":612,"height":459},{"@type":"BreadcrumbList","@id":"https:\/\/lexitlegal.com\/producte\/protocolo-desconexion-digital\/#breadcrumb","itemListElement":[{"@type":"ListItem","position":1,"name":"Portada","item":"https:\/\/lexitlegal.com\/"},{"@type":"ListItem","position":2,"name":"Botiga","item":"https:\/\/lexitlegal.com\/ca\/arees-de-practica\/"},{"@type":"ListItem","position":3,"name":"Protocol de desconnexi\u00f3 digital"}]},{"@type":"WebSite","@id":"https:\/\/lexitlegal.com\/#website","url":"https:\/\/lexitlegal.com\/","name":"Lexit Legal Advocats","description":"","publisher":{"@id":"https:\/\/lexitlegal.com\/#organization"},"potentialAction":[{"@type":"SearchAction","target":{"@type":"EntryPoint","urlTemplate":"https:\/\/lexitlegal.com\/?s={search_term_string}"},"query-input":{"@type":"PropertyValueSpecification","valueRequired":true,"valueName":"search_term_string"}}],"inLanguage":"ca"},{"@type":"Organization","@id":"https:\/\/lexitlegal.com\/#organization","name":"Lexit Legal Advocats","url":"https:\/\/lexitlegal.com\/","logo":{"@type":"ImageObject","inLanguage":"ca","@id":"https:\/\/lexitlegal.com\/#\/schema\/logo\/image\/","url":"https:\/\/lexitlegal.com\/wp-content\/uploads\/2020\/09\/lexit-advocats.svg","contentUrl":"https:\/\/lexitlegal.com\/wp-content\/uploads\/2020\/09\/lexit-advocats.svg","width":273.317,"height":51.068,"caption":"Lexit Legal Advocats"},"image":{"@id":"https:\/\/lexitlegal.com\/#\/schema\/logo\/image\/"},"sameAs":["https:\/\/m.facebook.com\/Lexit-Legal-Advocats-107647294479881\/","https:\/\/www.linkedin.com\/company\/lexit-legal-advocats"]}]}},"_links":{"self":[{"href":"https:\/\/lexitlegal.com\/ca\/wp-json\/wp\/v2\/product\/2637"}],"collection":[{"href":"https:\/\/lexitlegal.com\/ca\/wp-json\/wp\/v2\/product"}],"about":[{"href":"https:\/\/lexitlegal.com\/ca\/wp-json\/wp\/v2\/types\/product"}],"replies":[{"embeddable":true,"href":"https:\/\/lexitlegal.com\/ca\/wp-json\/wp\/v2\/comments?post=2637"}],"wp:featuredmedia":[{"embeddable":true,"href":"https:\/\/lexitlegal.com\/ca\/wp-json\/wp\/v2\/media\/3833"}],"wp:attachment":[{"href":"https:\/\/lexitlegal.com\/ca\/wp-json\/wp\/v2\/media?parent=2637"}],"wp:term":[{"taxonomy":"product_cat","embeddable":true,"href":"https:\/\/lexitlegal.com\/ca\/wp-json\/wp\/v2\/product_cat?post=2637"},{"taxonomy":"product_tag","embeddable":true,"href":"https:\/\/lexitlegal.com\/ca\/wp-json\/wp\/v2\/product_tag?post=2637"}],"curies":[{"name":"wp","href":"https:\/\/api.w.org\/{rel}","templated":true}]}}