{"id":2636,"date":"2021-05-19T11:51:03","date_gmt":"2021-05-19T09:51:03","guid":{"rendered":"https:\/\/lexitlegal.com\/producto\/reclamacio-civil\/"},"modified":"2024-07-24T14:54:25","modified_gmt":"2024-07-24T12:54:25","slug":"reclamacio-civil","status":"publish","type":"product","link":"https:\/\/lexitlegal.com\/ca\/producte\/reclamacio-civil\/","title":{"rendered":"Reclamaci\u00f3 Civil"},"content":{"rendered":"","protected":false},"excerpt":{"rendered":"<p>La Llei de la Segona Oportunitat \u00e9s un mecanisme legal que permet a particulars i aut\u00f2noms deutors renegociar els seus deutes o b\u00e9, alliberar-se&#8217;n de part o la totalitat quan per circumst\u00e0ncies alienes a la seva voluntat no els \u00e9s possible fer front al seu pagament.<\/p>\n<p>Aquest procediment est\u00e0 pensat perqu\u00e8 les persones f\u00edsiques, amb activitat empresarial o sense, puguin superar una situaci\u00f3 d&#8217;insolv\u00e8ncia greu o fallida, sense descuidar els drets de cobrament dels creditors.<\/p>\n<p>A LEXIT LEGAL ADVOCATS comptem amb els millors advocats especialistes en la tramitaci\u00f3 de la Llei de Segona Oportunitat.<\/p>\n","protected":false},"featured_media":2086,"comment_status":"open","ping_status":"closed","template":"","meta":{"_joinchat":[]},"product_cat":[76],"product_tag":[80],"class_list":{"0":"post-2636","1":"product","2":"type-product","3":"status-publish","4":"has-post-thumbnail","6":"product_cat-sense-categoritzar","7":"product_tag-reclamacio-civil","8":"sales-flash-overlay","9":"woocommerce-text-align-center","10":"woocommerce-image-align-center","11":"do-quantity-buttons","13":"first","14":"instock","15":"virtual","16":"sold-individually","17":"product-type-simple"},"yoast_head":"<!-- This site is optimized with the Yoast SEO plugin v25.6 - https:\/\/yoast.com\/wordpress\/plugins\/seo\/ -->\n<title>Reclamaci\u00f3 Civil - Lexit Legal Advocats<\/title>\n<meta name=\"robots\" content=\"index, follow, max-snippet:-1, max-image-preview:large, max-video-preview:-1\" \/>\n<link rel=\"canonical\" href=\"https:\/\/lexitlegal.com\/ca\/producte\/reclamacio-civil\/\" \/>\n<meta property=\"og:locale\" content=\"ca_ES\" \/>\n<meta property=\"og:type\" content=\"article\" \/>\n<meta property=\"og:title\" content=\"Reclamaci\u00f3 Civil - Lexit Legal Advocats\" \/>\n<meta property=\"og:description\" content=\"La Llei de la Segona Oportunitat \u00e9s un mecanisme legal que permet a particulars i aut\u00f2noms deutors renegociar els seus deutes o b\u00e9, alliberar-se&#039;n de part o la totalitat quan per circumst\u00e0ncies alienes a la seva voluntat no els \u00e9s possible fer front al seu pagament.  Aquest procediment est\u00e0 pensat perqu\u00e8 les persones f\u00edsiques, amb activitat empresarial o sense, puguin superar una situaci\u00f3 d&#039;insolv\u00e8ncia greu o fallida, sense descuidar els drets de cobrament dels creditors.  A LEXIT LEGAL ADVOCATS comptem amb els millors advocats especialistes en la tramitaci\u00f3 de la Llei de Segona Oportunitat.\" \/>\n<meta property=\"og:url\" content=\"https:\/\/lexitlegal.com\/ca\/producte\/reclamacio-civil\/\" \/>\n<meta property=\"og:site_name\" content=\"Lexit Legal Advocats\" \/>\n<meta property=\"article:publisher\" content=\"https:\/\/m.facebook.com\/Lexit-Legal-Advocats-107647294479881\/\" \/>\n<meta property=\"article:modified_time\" content=\"2024-07-24T12:54:25+00:00\" \/>\n<meta property=\"og:image\" content=\"https:\/\/lexitlegal.com\/wp-content\/uploads\/2021\/05\/reclamacion-civil.jpg\" \/>\n\t<meta property=\"og:image:width\" content=\"700\" \/>\n\t<meta property=\"og:image:height\" content=\"400\" \/>\n\t<meta property=\"og:image:type\" content=\"image\/jpeg\" \/>\n<meta name=\"twitter:card\" content=\"summary_large_image\" \/>\n<meta name=\"twitter:label1\" content=\"Temps estimat de lectura\" \/>\n\t<meta name=\"twitter:data1\" content=\"1 minut\" \/>\n<script type=\"application\/ld+json\" class=\"yoast-schema-graph\">{\"@context\":\"https:\/\/schema.org\",\"@graph\":[{\"@type\":\"WebPage\",\"@id\":\"https:\/\/lexitlegal.com\/ca\/producte\/reclamacio-civil\/\",\"url\":\"https:\/\/lexitlegal.com\/ca\/producte\/reclamacio-civil\/\",\"name\":\"Reclamaci\u00f3 Civil - Lexit Legal Advocats\",\"isPartOf\":{\"@id\":\"https:\/\/lexitlegal.com\/#website\"},\"primaryImageOfPage\":{\"@id\":\"https:\/\/lexitlegal.com\/ca\/producte\/reclamacio-civil\/#primaryimage\"},\"image\":{\"@id\":\"https:\/\/lexitlegal.com\/ca\/producte\/reclamacio-civil\/#primaryimage\"},\"thumbnailUrl\":\"https:\/\/lexitlegal.com\/wp-content\/uploads\/2021\/05\/reclamacion-civil.jpg\",\"datePublished\":\"2021-05-19T09:51:03+00:00\",\"dateModified\":\"2024-07-24T12:54:25+00:00\",\"breadcrumb\":{\"@id\":\"https:\/\/lexitlegal.com\/ca\/producte\/reclamacio-civil\/#breadcrumb\"},\"inLanguage\":\"ca\",\"potentialAction\":[{\"@type\":\"ReadAction\",\"target\":[\"https:\/\/lexitlegal.com\/ca\/producte\/reclamacio-civil\/\"]}]},{\"@type\":\"ImageObject\",\"inLanguage\":\"ca\",\"@id\":\"https:\/\/lexitlegal.com\/ca\/producte\/reclamacio-civil\/#primaryimage\",\"url\":\"https:\/\/lexitlegal.com\/wp-content\/uploads\/2021\/05\/reclamacion-civil.jpg\",\"contentUrl\":\"https:\/\/lexitlegal.com\/wp-content\/uploads\/2021\/05\/reclamacion-civil.jpg\",\"width\":700,\"height\":400},{\"@type\":\"BreadcrumbList\",\"@id\":\"https:\/\/lexitlegal.com\/ca\/producte\/reclamacio-civil\/#breadcrumb\",\"itemListElement\":[{\"@type\":\"ListItem\",\"position\":1,\"name\":\"Portada\",\"item\":\"https:\/\/lexitlegal.com\/\"},{\"@type\":\"ListItem\",\"position\":2,\"name\":\"Botiga\",\"item\":\"https:\/\/lexitlegal.com\/ca\/arees-de-practica\/\"},{\"@type\":\"ListItem\",\"position\":3,\"name\":\"Reclamaci\u00f3 Civil\"}]},{\"@type\":\"WebSite\",\"@id\":\"https:\/\/lexitlegal.com\/#website\",\"url\":\"https:\/\/lexitlegal.com\/\",\"name\":\"Lexit Legal Advocats\",\"description\":\"\",\"publisher\":{\"@id\":\"https:\/\/lexitlegal.com\/#organization\"},\"potentialAction\":[{\"@type\":\"SearchAction\",\"target\":{\"@type\":\"EntryPoint\",\"urlTemplate\":\"https:\/\/lexitlegal.com\/?s={search_term_string}\"},\"query-input\":{\"@type\":\"PropertyValueSpecification\",\"valueRequired\":true,\"valueName\":\"search_term_string\"}}],\"inLanguage\":\"ca\"},{\"@type\":\"Organization\",\"@id\":\"https:\/\/lexitlegal.com\/#organization\",\"name\":\"Lexit Legal Advocats\",\"url\":\"https:\/\/lexitlegal.com\/\",\"logo\":{\"@type\":\"ImageObject\",\"inLanguage\":\"ca\",\"@id\":\"https:\/\/lexitlegal.com\/#\/schema\/logo\/image\/\",\"url\":\"https:\/\/lexitlegal.com\/wp-content\/uploads\/2020\/09\/lexit-advocats.svg\",\"contentUrl\":\"https:\/\/lexitlegal.com\/wp-content\/uploads\/2020\/09\/lexit-advocats.svg\",\"width\":273.317,\"height\":51.068,\"caption\":\"Lexit Legal Advocats\"},\"image\":{\"@id\":\"https:\/\/lexitlegal.com\/#\/schema\/logo\/image\/\"},\"sameAs\":[\"https:\/\/m.facebook.com\/Lexit-Legal-Advocats-107647294479881\/\",\"https:\/\/www.linkedin.com\/company\/lexit-legal-advocats\"]}]}<\/script>\n<!-- \/ Yoast SEO plugin. -->","yoast_head_json":{"title":"Reclamaci\u00f3 Civil - Lexit Legal Advocats","robots":{"index":"index","follow":"follow","max-snippet":"max-snippet:-1","max-image-preview":"max-image-preview:large","max-video-preview":"max-video-preview:-1"},"canonical":"https:\/\/lexitlegal.com\/ca\/producte\/reclamacio-civil\/","og_locale":"ca_ES","og_type":"article","og_title":"Reclamaci\u00f3 Civil - Lexit Legal Advocats","og_description":"La Llei de la Segona Oportunitat \u00e9s un mecanisme legal que permet a particulars i aut\u00f2noms deutors renegociar els seus deutes o b\u00e9, alliberar-se'n de part o la totalitat quan per circumst\u00e0ncies alienes a la seva voluntat no els \u00e9s possible fer front al seu pagament.  Aquest procediment est\u00e0 pensat perqu\u00e8 les persones f\u00edsiques, amb activitat empresarial o sense, puguin superar una situaci\u00f3 d'insolv\u00e8ncia greu o fallida, sense descuidar els drets de cobrament dels creditors.  A LEXIT LEGAL ADVOCATS comptem amb els millors advocats especialistes en la tramitaci\u00f3 de la Llei de Segona Oportunitat.","og_url":"https:\/\/lexitlegal.com\/ca\/producte\/reclamacio-civil\/","og_site_name":"Lexit Legal Advocats","article_publisher":"https:\/\/m.facebook.com\/Lexit-Legal-Advocats-107647294479881\/","article_modified_time":"2024-07-24T12:54:25+00:00","og_image":[{"width":700,"height":400,"url":"https:\/\/lexitlegal.com\/wp-content\/uploads\/2021\/05\/reclamacion-civil.jpg","type":"image\/jpeg"}],"twitter_card":"summary_large_image","twitter_misc":{"Temps estimat de lectura":"1 minut"},"schema":{"@context":"https:\/\/schema.org","@graph":[{"@type":"WebPage","@id":"https:\/\/lexitlegal.com\/ca\/producte\/reclamacio-civil\/","url":"https:\/\/lexitlegal.com\/ca\/producte\/reclamacio-civil\/","name":"Reclamaci\u00f3 Civil - Lexit Legal Advocats","isPartOf":{"@id":"https:\/\/lexitlegal.com\/#website"},"primaryImageOfPage":{"@id":"https:\/\/lexitlegal.com\/ca\/producte\/reclamacio-civil\/#primaryimage"},"image":{"@id":"https:\/\/lexitlegal.com\/ca\/producte\/reclamacio-civil\/#primaryimage"},"thumbnailUrl":"https:\/\/lexitlegal.com\/wp-content\/uploads\/2021\/05\/reclamacion-civil.jpg","datePublished":"2021-05-19T09:51:03+00:00","dateModified":"2024-07-24T12:54:25+00:00","breadcrumb":{"@id":"https:\/\/lexitlegal.com\/ca\/producte\/reclamacio-civil\/#breadcrumb"},"inLanguage":"ca","potentialAction":[{"@type":"ReadAction","target":["https:\/\/lexitlegal.com\/ca\/producte\/reclamacio-civil\/"]}]},{"@type":"ImageObject","inLanguage":"ca","@id":"https:\/\/lexitlegal.com\/ca\/producte\/reclamacio-civil\/#primaryimage","url":"https:\/\/lexitlegal.com\/wp-content\/uploads\/2021\/05\/reclamacion-civil.jpg","contentUrl":"https:\/\/lexitlegal.com\/wp-content\/uploads\/2021\/05\/reclamacion-civil.jpg","width":700,"height":400},{"@type":"BreadcrumbList","@id":"https:\/\/lexitlegal.com\/ca\/producte\/reclamacio-civil\/#breadcrumb","itemListElement":[{"@type":"ListItem","position":1,"name":"Portada","item":"https:\/\/lexitlegal.com\/"},{"@type":"ListItem","position":2,"name":"Botiga","item":"https:\/\/lexitlegal.com\/ca\/arees-de-practica\/"},{"@type":"ListItem","position":3,"name":"Reclamaci\u00f3 Civil"}]},{"@type":"WebSite","@id":"https:\/\/lexitlegal.com\/#website","url":"https:\/\/lexitlegal.com\/","name":"Lexit Legal Advocats","description":"","publisher":{"@id":"https:\/\/lexitlegal.com\/#organization"},"potentialAction":[{"@type":"SearchAction","target":{"@type":"EntryPoint","urlTemplate":"https:\/\/lexitlegal.com\/?s={search_term_string}"},"query-input":{"@type":"PropertyValueSpecification","valueRequired":true,"valueName":"search_term_string"}}],"inLanguage":"ca"},{"@type":"Organization","@id":"https:\/\/lexitlegal.com\/#organization","name":"Lexit Legal Advocats","url":"https:\/\/lexitlegal.com\/","logo":{"@type":"ImageObject","inLanguage":"ca","@id":"https:\/\/lexitlegal.com\/#\/schema\/logo\/image\/","url":"https:\/\/lexitlegal.com\/wp-content\/uploads\/2020\/09\/lexit-advocats.svg","contentUrl":"https:\/\/lexitlegal.com\/wp-content\/uploads\/2020\/09\/lexit-advocats.svg","width":273.317,"height":51.068,"caption":"Lexit Legal Advocats"},"image":{"@id":"https:\/\/lexitlegal.com\/#\/schema\/logo\/image\/"},"sameAs":["https:\/\/m.facebook.com\/Lexit-Legal-Advocats-107647294479881\/","https:\/\/www.linkedin.com\/company\/lexit-legal-advocats"]}]}},"_links":{"self":[{"href":"https:\/\/lexitlegal.com\/ca\/wp-json\/wp\/v2\/product\/2636"}],"collection":[{"href":"https:\/\/lexitlegal.com\/ca\/wp-json\/wp\/v2\/product"}],"about":[{"href":"https:\/\/lexitlegal.com\/ca\/wp-json\/wp\/v2\/types\/product"}],"replies":[{"embeddable":true,"href":"https:\/\/lexitlegal.com\/ca\/wp-json\/wp\/v2\/comments?post=2636"}],"wp:featuredmedia":[{"embeddable":true,"href":"https:\/\/lexitlegal.com\/ca\/wp-json\/wp\/v2\/media\/2086"}],"wp:attachment":[{"href":"https:\/\/lexitlegal.com\/ca\/wp-json\/wp\/v2\/media?parent=2636"}],"wp:term":[{"taxonomy":"product_cat","embeddable":true,"href":"https:\/\/lexitlegal.com\/ca\/wp-json\/wp\/v2\/product_cat?post=2636"},{"taxonomy":"product_tag","embeddable":true,"href":"https:\/\/lexitlegal.com\/ca\/wp-json\/wp\/v2\/product_tag?post=2636"}],"curies":[{"name":"wp","href":"https:\/\/api.w.org\/{rel}","templated":true}]}}