{"id":2635,"date":"2021-05-24T12:21:56","date_gmt":"2021-05-24T10:21:56","guid":{"rendered":"https:\/\/lexitlegal.com\/producto\/auditoria-retributiva\/"},"modified":"2023-09-19T14:59:52","modified_gmt":"2023-09-19T12:59:52","slug":"canal-denuncia","status":"publish","type":"product","link":"https:\/\/lexitlegal.com\/ca\/producte\/canal-denuncia\/","title":{"rendered":"Canal de den\u00fancia"},"content":{"rendered":"","protected":false},"excerpt":{"rendered":"<p>L&#8217; entrada en vigor de la LO 2\/2023 reguladora de la protecci\u00f3 de les persones que informin sobre infraccions normatives i de lluita contra la corrupci\u00f3 obliga a la implementaci\u00f3 d&#8217;un Sistema Intern d&#8217;Informaci\u00f3. \u00c9s a dir, tenir un Canal de Den\u00fancies Intern. A qui obliga:<\/p>\n<ul>\n<li>Empreses amb m\u00e9s de 50 treballadors.<\/li>\n<li>Organismes p\u00fablics.<\/li>\n<li>Corporacions de dret p\u00fablic.<\/li>\n<li>Universitats p\u00fabliques.<\/li>\n<li>Fundacions.<\/li>\n<li>Partits Pol\u00edtics.<\/li>\n<li>Sindicats.<\/li>\n<li>Organitzacions empresarials.<\/li>\n<\/ul>\n<p>Les fases del procediment de gesti\u00f3 de den\u00fancies s\u00f3n les seg\u00fcents:<\/p>\n<ul>\n<li>Registre de la den\u00fancia.<\/li>\n<li>Categoritzaci\u00f3 de la den\u00fancia.<\/li>\n<li>An\u00e0lisi preliminar i Admissi\u00f3 a tr\u00e0mit o inadmissi\u00f3 de la den\u00fancia.<\/li>\n<li>Instrucci\u00f3.<\/li>\n<li>Pr\u00e0ctica de la prova.<\/li>\n<li>Graduaci\u00f3 de la Infracci\u00f3.<\/li>\n<li>Conclusi\u00f3.<\/li>\n<li>Registre de l&#8217;expedient.<\/li>\n<li>Reportar a l&#8217;\u00d2rgan d&#8217;Administraci\u00f3.<\/li>\n<li>Quan hi hagi la comissi\u00f3 d&#8217;un delicte, donar trasllat al Ministeri Fiscal.<\/li>\n<\/ul>\n<p>El r\u00e8gim sancionador aplicable a les empreses incomplidores per no haver implementat un Canal de Den\u00fancies postula la severitat de la sanci\u00f3 en funci\u00f3 de la gravetat de l&#8217;incompliment establerta a la llei. Aix\u00ed, les sancions aplicables seran:<\/p>\n<ul>\n<li>Infraccions lleus = de 1.001 a 10.000 euros.<\/li>\n<li>Infraccions Greus = de 10.001 a 600 000 euros.<\/li>\n<li>Infraccions Molt greus = de 600.001 a 1.000.000 euros.<\/li>\n<\/ul>\n","protected":false},"featured_media":3843,"comment_status":"open","ping_status":"closed","template":"","meta":{"_joinchat":[]},"product_cat":[76],"product_tag":[79],"class_list":{"0":"post-2635","1":"product","2":"type-product","3":"status-publish","4":"has-post-thumbnail","6":"product_cat-sense-categoritzar","7":"product_tag-auditoria-retributiva-ca","8":"sales-flash-overlay","9":"woocommerce-text-align-center","10":"woocommerce-image-align-center","11":"do-quantity-buttons","13":"first","14":"instock","15":"virtual","16":"sold-individually","17":"purchasable","18":"product-type-simple"},"yoast_head":"<!-- This site is optimized with the Yoast SEO plugin v25.6 - https:\/\/yoast.com\/wordpress\/plugins\/seo\/ -->\n<title>Canal de den\u00fancia - Lexit Legal Advocats<\/title>\n<meta name=\"robots\" content=\"index, follow, max-snippet:-1, max-image-preview:large, max-video-preview:-1\" \/>\n<link rel=\"canonical\" href=\"https:\/\/lexitlegal.com\/producte\/canal-denuncia\/\" \/>\n<meta property=\"og:locale\" content=\"ca_ES\" \/>\n<meta property=\"og:type\" content=\"article\" \/>\n<meta property=\"og:title\" content=\"Canal de den\u00fancia - Lexit Legal Advocats\" \/>\n<meta property=\"og:description\" content=\"L&#039; entrada en vigor de la LO 2\/2023 reguladora de la protecci\u00f3 de les persones que informin sobre infraccions normatives i de lluita contra la corrupci\u00f3 obliga a la implementaci\u00f3 d&#039;un Sistema Intern d&#039;Informaci\u00f3. \u00c9s a dir, tenir un Canal de Den\u00fancies Intern. A qui obliga:   Empreses amb m\u00e9s de 50 treballadors.  Organismes p\u00fablics.  Corporacions de dret p\u00fablic.  Universitats p\u00fabliques.  Fundacions.  Partits Pol\u00edtics.  Sindicats.  Organitzacions empresarials.  Les fases del procediment de gesti\u00f3 de den\u00fancies s\u00f3n les seg\u00fcents:   Registre de la den\u00fancia.  Categoritzaci\u00f3 de la den\u00fancia.  An\u00e0lisi preliminar i Admissi\u00f3 a tr\u00e0mit o inadmissi\u00f3 de la den\u00fancia.  Instrucci\u00f3.  Pr\u00e0ctica de la prova.  Graduaci\u00f3 de la Infracci\u00f3.  Conclusi\u00f3.  Registre de l&#039;expedient.  Reportar a l&#039;\u00d2rgan d&#039;Administraci\u00f3.  Quan hi hagi la comissi\u00f3 d&#039;un delicte, donar trasllat al Ministeri Fiscal.  El r\u00e8gim sancionador aplicable a les empreses incomplidores per no haver implementat un Canal de Den\u00fancies postula la severitat de la sanci\u00f3 en funci\u00f3 de la gravetat de l&#039;incompliment establerta a la llei. Aix\u00ed, les sancions aplicables seran:   Infraccions lleus = de 1.001 a 10.000 euros.  Infraccions Greus = de 10.001 a 600 000 euros.  Infraccions Molt greus = de 600.001 a 1.000.000 euros.\" \/>\n<meta property=\"og:url\" content=\"https:\/\/lexitlegal.com\/producte\/canal-denuncia\/\" \/>\n<meta property=\"og:site_name\" content=\"Lexit Legal Advocats\" \/>\n<meta property=\"article:publisher\" content=\"https:\/\/m.facebook.com\/Lexit-Legal-Advocats-107647294479881\/\" \/>\n<meta property=\"article:modified_time\" content=\"2023-09-19T12:59:52+00:00\" \/>\n<meta property=\"og:image\" content=\"https:\/\/lexitlegal.com\/wp-content\/uploads\/2021\/05\/pointing-4190930_1280.jpg\" \/>\n\t<meta property=\"og:image:width\" content=\"1280\" \/>\n\t<meta property=\"og:image:height\" content=\"733\" \/>\n\t<meta property=\"og:image:type\" content=\"image\/jpeg\" \/>\n<meta name=\"twitter:card\" content=\"summary_large_image\" \/>\n<script type=\"application\/ld+json\" class=\"yoast-schema-graph\">{\"@context\":\"https:\/\/schema.org\",\"@graph\":[{\"@type\":\"WebPage\",\"@id\":\"https:\/\/lexitlegal.com\/producte\/canal-denuncia\/\",\"url\":\"https:\/\/lexitlegal.com\/producte\/canal-denuncia\/\",\"name\":\"Canal de den\u00fancia - Lexit Legal Advocats\",\"isPartOf\":{\"@id\":\"https:\/\/lexitlegal.com\/#website\"},\"primaryImageOfPage\":{\"@id\":\"https:\/\/lexitlegal.com\/producte\/canal-denuncia\/#primaryimage\"},\"image\":{\"@id\":\"https:\/\/lexitlegal.com\/producte\/canal-denuncia\/#primaryimage\"},\"thumbnailUrl\":\"https:\/\/lexitlegal.com\/wp-content\/uploads\/2021\/05\/pointing-4190930_1280.jpg\",\"datePublished\":\"2021-05-24T10:21:56+00:00\",\"dateModified\":\"2023-09-19T12:59:52+00:00\",\"breadcrumb\":{\"@id\":\"https:\/\/lexitlegal.com\/producte\/canal-denuncia\/#breadcrumb\"},\"inLanguage\":\"ca\",\"potentialAction\":[{\"@type\":\"ReadAction\",\"target\":[\"https:\/\/lexitlegal.com\/producte\/canal-denuncia\/\"]}]},{\"@type\":\"ImageObject\",\"inLanguage\":\"ca\",\"@id\":\"https:\/\/lexitlegal.com\/producte\/canal-denuncia\/#primaryimage\",\"url\":\"https:\/\/lexitlegal.com\/wp-content\/uploads\/2021\/05\/pointing-4190930_1280.jpg\",\"contentUrl\":\"https:\/\/lexitlegal.com\/wp-content\/uploads\/2021\/05\/pointing-4190930_1280.jpg\",\"width\":1280,\"height\":733},{\"@type\":\"BreadcrumbList\",\"@id\":\"https:\/\/lexitlegal.com\/producte\/canal-denuncia\/#breadcrumb\",\"itemListElement\":[{\"@type\":\"ListItem\",\"position\":1,\"name\":\"Portada\",\"item\":\"https:\/\/lexitlegal.com\/\"},{\"@type\":\"ListItem\",\"position\":2,\"name\":\"Botiga\",\"item\":\"https:\/\/lexitlegal.com\/ca\/arees-de-practica\/\"},{\"@type\":\"ListItem\",\"position\":3,\"name\":\"Canal de den\u00fancia\"}]},{\"@type\":\"WebSite\",\"@id\":\"https:\/\/lexitlegal.com\/#website\",\"url\":\"https:\/\/lexitlegal.com\/\",\"name\":\"Lexit Legal Advocats\",\"description\":\"\",\"publisher\":{\"@id\":\"https:\/\/lexitlegal.com\/#organization\"},\"potentialAction\":[{\"@type\":\"SearchAction\",\"target\":{\"@type\":\"EntryPoint\",\"urlTemplate\":\"https:\/\/lexitlegal.com\/?s={search_term_string}\"},\"query-input\":{\"@type\":\"PropertyValueSpecification\",\"valueRequired\":true,\"valueName\":\"search_term_string\"}}],\"inLanguage\":\"ca\"},{\"@type\":\"Organization\",\"@id\":\"https:\/\/lexitlegal.com\/#organization\",\"name\":\"Lexit Legal Advocats\",\"url\":\"https:\/\/lexitlegal.com\/\",\"logo\":{\"@type\":\"ImageObject\",\"inLanguage\":\"ca\",\"@id\":\"https:\/\/lexitlegal.com\/#\/schema\/logo\/image\/\",\"url\":\"https:\/\/lexitlegal.com\/wp-content\/uploads\/2020\/09\/lexit-advocats.svg\",\"contentUrl\":\"https:\/\/lexitlegal.com\/wp-content\/uploads\/2020\/09\/lexit-advocats.svg\",\"width\":273.317,\"height\":51.068,\"caption\":\"Lexit Legal Advocats\"},\"image\":{\"@id\":\"https:\/\/lexitlegal.com\/#\/schema\/logo\/image\/\"},\"sameAs\":[\"https:\/\/m.facebook.com\/Lexit-Legal-Advocats-107647294479881\/\",\"https:\/\/www.linkedin.com\/company\/lexit-legal-advocats\"]}]}<\/script>\n<!-- \/ Yoast SEO plugin. -->","yoast_head_json":{"title":"Canal de den\u00fancia - Lexit Legal Advocats","robots":{"index":"index","follow":"follow","max-snippet":"max-snippet:-1","max-image-preview":"max-image-preview:large","max-video-preview":"max-video-preview:-1"},"canonical":"https:\/\/lexitlegal.com\/producte\/canal-denuncia\/","og_locale":"ca_ES","og_type":"article","og_title":"Canal de den\u00fancia - Lexit Legal Advocats","og_description":"L' entrada en vigor de la LO 2\/2023 reguladora de la protecci\u00f3 de les persones que informin sobre infraccions normatives i de lluita contra la corrupci\u00f3 obliga a la implementaci\u00f3 d'un Sistema Intern d'Informaci\u00f3. \u00c9s a dir, tenir un Canal de Den\u00fancies Intern. A qui obliga:   Empreses amb m\u00e9s de 50 treballadors.  Organismes p\u00fablics.  Corporacions de dret p\u00fablic.  Universitats p\u00fabliques.  Fundacions.  Partits Pol\u00edtics.  Sindicats.  Organitzacions empresarials.  Les fases del procediment de gesti\u00f3 de den\u00fancies s\u00f3n les seg\u00fcents:   Registre de la den\u00fancia.  Categoritzaci\u00f3 de la den\u00fancia.  An\u00e0lisi preliminar i Admissi\u00f3 a tr\u00e0mit o inadmissi\u00f3 de la den\u00fancia.  Instrucci\u00f3.  Pr\u00e0ctica de la prova.  Graduaci\u00f3 de la Infracci\u00f3.  Conclusi\u00f3.  Registre de l'expedient.  Reportar a l'\u00d2rgan d'Administraci\u00f3.  Quan hi hagi la comissi\u00f3 d'un delicte, donar trasllat al Ministeri Fiscal.  El r\u00e8gim sancionador aplicable a les empreses incomplidores per no haver implementat un Canal de Den\u00fancies postula la severitat de la sanci\u00f3 en funci\u00f3 de la gravetat de l'incompliment establerta a la llei. Aix\u00ed, les sancions aplicables seran:   Infraccions lleus = de 1.001 a 10.000 euros.  Infraccions Greus = de 10.001 a 600 000 euros.  Infraccions Molt greus = de 600.001 a 1.000.000 euros.","og_url":"https:\/\/lexitlegal.com\/producte\/canal-denuncia\/","og_site_name":"Lexit Legal Advocats","article_publisher":"https:\/\/m.facebook.com\/Lexit-Legal-Advocats-107647294479881\/","article_modified_time":"2023-09-19T12:59:52+00:00","og_image":[{"width":1280,"height":733,"url":"https:\/\/lexitlegal.com\/wp-content\/uploads\/2021\/05\/pointing-4190930_1280.jpg","type":"image\/jpeg"}],"twitter_card":"summary_large_image","schema":{"@context":"https:\/\/schema.org","@graph":[{"@type":"WebPage","@id":"https:\/\/lexitlegal.com\/producte\/canal-denuncia\/","url":"https:\/\/lexitlegal.com\/producte\/canal-denuncia\/","name":"Canal de den\u00fancia - Lexit Legal Advocats","isPartOf":{"@id":"https:\/\/lexitlegal.com\/#website"},"primaryImageOfPage":{"@id":"https:\/\/lexitlegal.com\/producte\/canal-denuncia\/#primaryimage"},"image":{"@id":"https:\/\/lexitlegal.com\/producte\/canal-denuncia\/#primaryimage"},"thumbnailUrl":"https:\/\/lexitlegal.com\/wp-content\/uploads\/2021\/05\/pointing-4190930_1280.jpg","datePublished":"2021-05-24T10:21:56+00:00","dateModified":"2023-09-19T12:59:52+00:00","breadcrumb":{"@id":"https:\/\/lexitlegal.com\/producte\/canal-denuncia\/#breadcrumb"},"inLanguage":"ca","potentialAction":[{"@type":"ReadAction","target":["https:\/\/lexitlegal.com\/producte\/canal-denuncia\/"]}]},{"@type":"ImageObject","inLanguage":"ca","@id":"https:\/\/lexitlegal.com\/producte\/canal-denuncia\/#primaryimage","url":"https:\/\/lexitlegal.com\/wp-content\/uploads\/2021\/05\/pointing-4190930_1280.jpg","contentUrl":"https:\/\/lexitlegal.com\/wp-content\/uploads\/2021\/05\/pointing-4190930_1280.jpg","width":1280,"height":733},{"@type":"BreadcrumbList","@id":"https:\/\/lexitlegal.com\/producte\/canal-denuncia\/#breadcrumb","itemListElement":[{"@type":"ListItem","position":1,"name":"Portada","item":"https:\/\/lexitlegal.com\/"},{"@type":"ListItem","position":2,"name":"Botiga","item":"https:\/\/lexitlegal.com\/ca\/arees-de-practica\/"},{"@type":"ListItem","position":3,"name":"Canal de den\u00fancia"}]},{"@type":"WebSite","@id":"https:\/\/lexitlegal.com\/#website","url":"https:\/\/lexitlegal.com\/","name":"Lexit Legal Advocats","description":"","publisher":{"@id":"https:\/\/lexitlegal.com\/#organization"},"potentialAction":[{"@type":"SearchAction","target":{"@type":"EntryPoint","urlTemplate":"https:\/\/lexitlegal.com\/?s={search_term_string}"},"query-input":{"@type":"PropertyValueSpecification","valueRequired":true,"valueName":"search_term_string"}}],"inLanguage":"ca"},{"@type":"Organization","@id":"https:\/\/lexitlegal.com\/#organization","name":"Lexit Legal Advocats","url":"https:\/\/lexitlegal.com\/","logo":{"@type":"ImageObject","inLanguage":"ca","@id":"https:\/\/lexitlegal.com\/#\/schema\/logo\/image\/","url":"https:\/\/lexitlegal.com\/wp-content\/uploads\/2020\/09\/lexit-advocats.svg","contentUrl":"https:\/\/lexitlegal.com\/wp-content\/uploads\/2020\/09\/lexit-advocats.svg","width":273.317,"height":51.068,"caption":"Lexit Legal Advocats"},"image":{"@id":"https:\/\/lexitlegal.com\/#\/schema\/logo\/image\/"},"sameAs":["https:\/\/m.facebook.com\/Lexit-Legal-Advocats-107647294479881\/","https:\/\/www.linkedin.com\/company\/lexit-legal-advocats"]}]}},"_links":{"self":[{"href":"https:\/\/lexitlegal.com\/ca\/wp-json\/wp\/v2\/product\/2635"}],"collection":[{"href":"https:\/\/lexitlegal.com\/ca\/wp-json\/wp\/v2\/product"}],"about":[{"href":"https:\/\/lexitlegal.com\/ca\/wp-json\/wp\/v2\/types\/product"}],"replies":[{"embeddable":true,"href":"https:\/\/lexitlegal.com\/ca\/wp-json\/wp\/v2\/comments?post=2635"}],"wp:featuredmedia":[{"embeddable":true,"href":"https:\/\/lexitlegal.com\/ca\/wp-json\/wp\/v2\/media\/3843"}],"wp:attachment":[{"href":"https:\/\/lexitlegal.com\/ca\/wp-json\/wp\/v2\/media?parent=2635"}],"wp:term":[{"taxonomy":"product_cat","embeddable":true,"href":"https:\/\/lexitlegal.com\/ca\/wp-json\/wp\/v2\/product_cat?post=2635"},{"taxonomy":"product_tag","embeddable":true,"href":"https:\/\/lexitlegal.com\/ca\/wp-json\/wp\/v2\/product_tag?post=2635"}],"curies":[{"name":"wp","href":"https:\/\/api.w.org\/{rel}","templated":true}]}}