{"id":2634,"date":"2021-05-24T12:33:42","date_gmt":"2021-05-24T10:33:42","guid":{"rendered":"https:\/\/lexitlegal.com\/producto\/reclamacions-de-deutes\/"},"modified":"2021-06-21T10:07:49","modified_gmt":"2021-06-21T08:07:49","slug":"reclamacions-de-deutes","status":"publish","type":"product","link":"https:\/\/lexitlegal.com\/ca\/producte\/reclamacions-de-deutes\/","title":{"rendered":"Reclamacions de deutes"},"content":{"rendered":"","protected":false},"excerpt":{"rendered":"<p>Estudiem la viabilitat de la seva reclamaci\u00f3 (prescripcions, estat de deutor, entre altres q\u00fcestions). Reclamem de manera directa, emp\u00e0tica i adequada buscant, en un primer moment, una soluci\u00f3 extrajudicial a la recuperaci\u00f3 del seu deute.<\/p>\n<p>En el cas que el seu deutor no atengui la reclamaci\u00f3 de manera satisfact\u00f2ria per als seus interessos, analitzarem acudir a la via judicial amb l&#8217;objectiu que el seu deute sigui satisfet, aix\u00ed com tamb\u00e9 demanarem una taxaci\u00f3 de costes per recuperar les despeses derivades de la seva reclamaci\u00f3.<\/p>\n","protected":false},"featured_media":2236,"comment_status":"open","ping_status":"closed","template":"","meta":{"_joinchat":[]},"product_cat":[76],"product_tag":[78],"class_list":{"0":"post-2634","1":"product","2":"type-product","3":"status-publish","4":"has-post-thumbnail","6":"product_cat-sense-categoritzar","7":"product_tag-reclamacions-de-deutes","8":"sales-flash-overlay","9":"woocommerce-text-align-center","10":"woocommerce-image-align-center","11":"do-quantity-buttons","13":"first","14":"instock","15":"virtual","16":"sold-individually","17":"product-type-simple"},"yoast_head":"<!-- This site is optimized with the Yoast SEO plugin v25.6 - https:\/\/yoast.com\/wordpress\/plugins\/seo\/ -->\n<title>Reclamacions de deutes - Lexit Legal Advocats<\/title>\n<meta name=\"robots\" content=\"index, follow, max-snippet:-1, max-image-preview:large, max-video-preview:-1\" \/>\n<link rel=\"canonical\" href=\"https:\/\/lexitlegal.com\/ca\/producte\/reclamacions-de-deutes\/\" \/>\n<meta property=\"og:locale\" content=\"ca_ES\" \/>\n<meta property=\"og:type\" content=\"article\" \/>\n<meta property=\"og:title\" content=\"Reclamacions de deutes - Lexit Legal Advocats\" \/>\n<meta property=\"og:description\" content=\"Estudiem la viabilitat de la seva reclamaci\u00f3 (prescripcions, estat de deutor, entre altres q\u00fcestions). Reclamem de manera directa, emp\u00e0tica i adequada buscant, en un primer moment, una soluci\u00f3 extrajudicial a la recuperaci\u00f3 del seu deute. En el cas que el seu deutor no atengui la reclamaci\u00f3 de manera satisfact\u00f2ria per als seus interessos, analitzarem acudir a la via judicial amb l&#039;objectiu que el seu deute sigui satisfet, aix\u00ed com tamb\u00e9 demanarem una taxaci\u00f3 de costes per recuperar les despeses derivades de la seva reclamaci\u00f3.\" \/>\n<meta property=\"og:url\" content=\"https:\/\/lexitlegal.com\/ca\/producte\/reclamacions-de-deutes\/\" \/>\n<meta property=\"og:site_name\" content=\"Lexit Legal Advocats\" \/>\n<meta property=\"article:publisher\" content=\"https:\/\/m.facebook.com\/Lexit-Legal-Advocats-107647294479881\/\" \/>\n<meta property=\"article:modified_time\" content=\"2021-06-21T08:07:49+00:00\" \/>\n<meta property=\"og:image\" content=\"https:\/\/lexitlegal.com\/wp-content\/uploads\/2021\/05\/reclamacion-deuda-lexit.jpg\" \/>\n\t<meta property=\"og:image:width\" content=\"700\" \/>\n\t<meta property=\"og:image:height\" content=\"400\" \/>\n\t<meta property=\"og:image:type\" content=\"image\/jpeg\" \/>\n<meta name=\"twitter:card\" content=\"summary_large_image\" \/>\n<script type=\"application\/ld+json\" class=\"yoast-schema-graph\">{\"@context\":\"https:\/\/schema.org\",\"@graph\":[{\"@type\":\"WebPage\",\"@id\":\"https:\/\/lexitlegal.com\/ca\/producte\/reclamacions-de-deutes\/\",\"url\":\"https:\/\/lexitlegal.com\/ca\/producte\/reclamacions-de-deutes\/\",\"name\":\"Reclamacions de deutes - Lexit Legal Advocats\",\"isPartOf\":{\"@id\":\"https:\/\/lexitlegal.com\/#website\"},\"primaryImageOfPage\":{\"@id\":\"https:\/\/lexitlegal.com\/ca\/producte\/reclamacions-de-deutes\/#primaryimage\"},\"image\":{\"@id\":\"https:\/\/lexitlegal.com\/ca\/producte\/reclamacions-de-deutes\/#primaryimage\"},\"thumbnailUrl\":\"https:\/\/lexitlegal.com\/wp-content\/uploads\/2021\/05\/reclamacion-deuda-lexit.jpg\",\"datePublished\":\"2021-05-24T10:33:42+00:00\",\"dateModified\":\"2021-06-21T08:07:49+00:00\",\"breadcrumb\":{\"@id\":\"https:\/\/lexitlegal.com\/ca\/producte\/reclamacions-de-deutes\/#breadcrumb\"},\"inLanguage\":\"ca\",\"potentialAction\":[{\"@type\":\"ReadAction\",\"target\":[\"https:\/\/lexitlegal.com\/ca\/producte\/reclamacions-de-deutes\/\"]}]},{\"@type\":\"ImageObject\",\"inLanguage\":\"ca\",\"@id\":\"https:\/\/lexitlegal.com\/ca\/producte\/reclamacions-de-deutes\/#primaryimage\",\"url\":\"https:\/\/lexitlegal.com\/wp-content\/uploads\/2021\/05\/reclamacion-deuda-lexit.jpg\",\"contentUrl\":\"https:\/\/lexitlegal.com\/wp-content\/uploads\/2021\/05\/reclamacion-deuda-lexit.jpg\",\"width\":700,\"height\":400},{\"@type\":\"BreadcrumbList\",\"@id\":\"https:\/\/lexitlegal.com\/ca\/producte\/reclamacions-de-deutes\/#breadcrumb\",\"itemListElement\":[{\"@type\":\"ListItem\",\"position\":1,\"name\":\"Portada\",\"item\":\"https:\/\/lexitlegal.com\/\"},{\"@type\":\"ListItem\",\"position\":2,\"name\":\"Botiga\",\"item\":\"https:\/\/lexitlegal.com\/ca\/arees-de-practica\/\"},{\"@type\":\"ListItem\",\"position\":3,\"name\":\"Reclamacions de deutes\"}]},{\"@type\":\"WebSite\",\"@id\":\"https:\/\/lexitlegal.com\/#website\",\"url\":\"https:\/\/lexitlegal.com\/\",\"name\":\"Lexit Legal Advocats\",\"description\":\"\",\"publisher\":{\"@id\":\"https:\/\/lexitlegal.com\/#organization\"},\"potentialAction\":[{\"@type\":\"SearchAction\",\"target\":{\"@type\":\"EntryPoint\",\"urlTemplate\":\"https:\/\/lexitlegal.com\/?s={search_term_string}\"},\"query-input\":{\"@type\":\"PropertyValueSpecification\",\"valueRequired\":true,\"valueName\":\"search_term_string\"}}],\"inLanguage\":\"ca\"},{\"@type\":\"Organization\",\"@id\":\"https:\/\/lexitlegal.com\/#organization\",\"name\":\"Lexit Legal Advocats\",\"url\":\"https:\/\/lexitlegal.com\/\",\"logo\":{\"@type\":\"ImageObject\",\"inLanguage\":\"ca\",\"@id\":\"https:\/\/lexitlegal.com\/#\/schema\/logo\/image\/\",\"url\":\"https:\/\/lexitlegal.com\/wp-content\/uploads\/2020\/09\/lexit-advocats.svg\",\"contentUrl\":\"https:\/\/lexitlegal.com\/wp-content\/uploads\/2020\/09\/lexit-advocats.svg\",\"width\":273.317,\"height\":51.068,\"caption\":\"Lexit Legal Advocats\"},\"image\":{\"@id\":\"https:\/\/lexitlegal.com\/#\/schema\/logo\/image\/\"},\"sameAs\":[\"https:\/\/m.facebook.com\/Lexit-Legal-Advocats-107647294479881\/\",\"https:\/\/www.linkedin.com\/company\/lexit-legal-advocats\"]}]}<\/script>\n<!-- \/ Yoast SEO plugin. -->","yoast_head_json":{"title":"Reclamacions de deutes - Lexit Legal Advocats","robots":{"index":"index","follow":"follow","max-snippet":"max-snippet:-1","max-image-preview":"max-image-preview:large","max-video-preview":"max-video-preview:-1"},"canonical":"https:\/\/lexitlegal.com\/ca\/producte\/reclamacions-de-deutes\/","og_locale":"ca_ES","og_type":"article","og_title":"Reclamacions de deutes - Lexit Legal Advocats","og_description":"Estudiem la viabilitat de la seva reclamaci\u00f3 (prescripcions, estat de deutor, entre altres q\u00fcestions). Reclamem de manera directa, emp\u00e0tica i adequada buscant, en un primer moment, una soluci\u00f3 extrajudicial a la recuperaci\u00f3 del seu deute. En el cas que el seu deutor no atengui la reclamaci\u00f3 de manera satisfact\u00f2ria per als seus interessos, analitzarem acudir a la via judicial amb l'objectiu que el seu deute sigui satisfet, aix\u00ed com tamb\u00e9 demanarem una taxaci\u00f3 de costes per recuperar les despeses derivades de la seva reclamaci\u00f3.","og_url":"https:\/\/lexitlegal.com\/ca\/producte\/reclamacions-de-deutes\/","og_site_name":"Lexit Legal Advocats","article_publisher":"https:\/\/m.facebook.com\/Lexit-Legal-Advocats-107647294479881\/","article_modified_time":"2021-06-21T08:07:49+00:00","og_image":[{"width":700,"height":400,"url":"https:\/\/lexitlegal.com\/wp-content\/uploads\/2021\/05\/reclamacion-deuda-lexit.jpg","type":"image\/jpeg"}],"twitter_card":"summary_large_image","schema":{"@context":"https:\/\/schema.org","@graph":[{"@type":"WebPage","@id":"https:\/\/lexitlegal.com\/ca\/producte\/reclamacions-de-deutes\/","url":"https:\/\/lexitlegal.com\/ca\/producte\/reclamacions-de-deutes\/","name":"Reclamacions de deutes - Lexit Legal Advocats","isPartOf":{"@id":"https:\/\/lexitlegal.com\/#website"},"primaryImageOfPage":{"@id":"https:\/\/lexitlegal.com\/ca\/producte\/reclamacions-de-deutes\/#primaryimage"},"image":{"@id":"https:\/\/lexitlegal.com\/ca\/producte\/reclamacions-de-deutes\/#primaryimage"},"thumbnailUrl":"https:\/\/lexitlegal.com\/wp-content\/uploads\/2021\/05\/reclamacion-deuda-lexit.jpg","datePublished":"2021-05-24T10:33:42+00:00","dateModified":"2021-06-21T08:07:49+00:00","breadcrumb":{"@id":"https:\/\/lexitlegal.com\/ca\/producte\/reclamacions-de-deutes\/#breadcrumb"},"inLanguage":"ca","potentialAction":[{"@type":"ReadAction","target":["https:\/\/lexitlegal.com\/ca\/producte\/reclamacions-de-deutes\/"]}]},{"@type":"ImageObject","inLanguage":"ca","@id":"https:\/\/lexitlegal.com\/ca\/producte\/reclamacions-de-deutes\/#primaryimage","url":"https:\/\/lexitlegal.com\/wp-content\/uploads\/2021\/05\/reclamacion-deuda-lexit.jpg","contentUrl":"https:\/\/lexitlegal.com\/wp-content\/uploads\/2021\/05\/reclamacion-deuda-lexit.jpg","width":700,"height":400},{"@type":"BreadcrumbList","@id":"https:\/\/lexitlegal.com\/ca\/producte\/reclamacions-de-deutes\/#breadcrumb","itemListElement":[{"@type":"ListItem","position":1,"name":"Portada","item":"https:\/\/lexitlegal.com\/"},{"@type":"ListItem","position":2,"name":"Botiga","item":"https:\/\/lexitlegal.com\/ca\/arees-de-practica\/"},{"@type":"ListItem","position":3,"name":"Reclamacions de deutes"}]},{"@type":"WebSite","@id":"https:\/\/lexitlegal.com\/#website","url":"https:\/\/lexitlegal.com\/","name":"Lexit Legal Advocats","description":"","publisher":{"@id":"https:\/\/lexitlegal.com\/#organization"},"potentialAction":[{"@type":"SearchAction","target":{"@type":"EntryPoint","urlTemplate":"https:\/\/lexitlegal.com\/?s={search_term_string}"},"query-input":{"@type":"PropertyValueSpecification","valueRequired":true,"valueName":"search_term_string"}}],"inLanguage":"ca"},{"@type":"Organization","@id":"https:\/\/lexitlegal.com\/#organization","name":"Lexit Legal Advocats","url":"https:\/\/lexitlegal.com\/","logo":{"@type":"ImageObject","inLanguage":"ca","@id":"https:\/\/lexitlegal.com\/#\/schema\/logo\/image\/","url":"https:\/\/lexitlegal.com\/wp-content\/uploads\/2020\/09\/lexit-advocats.svg","contentUrl":"https:\/\/lexitlegal.com\/wp-content\/uploads\/2020\/09\/lexit-advocats.svg","width":273.317,"height":51.068,"caption":"Lexit Legal Advocats"},"image":{"@id":"https:\/\/lexitlegal.com\/#\/schema\/logo\/image\/"},"sameAs":["https:\/\/m.facebook.com\/Lexit-Legal-Advocats-107647294479881\/","https:\/\/www.linkedin.com\/company\/lexit-legal-advocats"]}]}},"_links":{"self":[{"href":"https:\/\/lexitlegal.com\/ca\/wp-json\/wp\/v2\/product\/2634"}],"collection":[{"href":"https:\/\/lexitlegal.com\/ca\/wp-json\/wp\/v2\/product"}],"about":[{"href":"https:\/\/lexitlegal.com\/ca\/wp-json\/wp\/v2\/types\/product"}],"replies":[{"embeddable":true,"href":"https:\/\/lexitlegal.com\/ca\/wp-json\/wp\/v2\/comments?post=2634"}],"wp:featuredmedia":[{"embeddable":true,"href":"https:\/\/lexitlegal.com\/ca\/wp-json\/wp\/v2\/media\/2236"}],"wp:attachment":[{"href":"https:\/\/lexitlegal.com\/ca\/wp-json\/wp\/v2\/media?parent=2634"}],"wp:term":[{"taxonomy":"product_cat","embeddable":true,"href":"https:\/\/lexitlegal.com\/ca\/wp-json\/wp\/v2\/product_cat?post=2634"},{"taxonomy":"product_tag","embeddable":true,"href":"https:\/\/lexitlegal.com\/ca\/wp-json\/wp\/v2\/product_tag?post=2634"}],"curies":[{"name":"wp","href":"https:\/\/api.w.org\/{rel}","templated":true}]}}