{"id":675,"date":"2020-11-03T13:26:16","date_gmt":"2020-11-03T12:26:16","guid":{"rendered":"https:\/\/lexitlegal.com\/avis-legal\/"},"modified":"2022-10-04T11:28:35","modified_gmt":"2022-10-04T09:28:35","slug":"avis-legal","status":"publish","type":"page","link":"https:\/\/lexitlegal.com\/ca\/avis-legal\/","title":{"rendered":"Av\u00eds legal"},"content":{"rendered":"\t\t<div data-elementor-type=\"wp-page\" data-elementor-id=\"675\" class=\"elementor elementor-675 elementor-452\" data-elementor-post-type=\"page\">\n\t\t\t\t\t\t<section class=\"elementor-section elementor-top-section elementor-element elementor-element-bf382d7 elementor-section-boxed elementor-section-height-default elementor-section-height-default\" data-id=\"bf382d7\" data-element_type=\"section\" data-settings=\"{&quot;jet_parallax_layout_list&quot;:[{&quot;_id&quot;:&quot;2fb6f9e&quot;,&quot;jet_parallax_layout_image&quot;:{&quot;url&quot;:&quot;&quot;,&quot;id&quot;:&quot;&quot;,&quot;size&quot;:&quot;&quot;},&quot;jet_parallax_layout_image_tablet&quot;:{&quot;url&quot;:&quot;&quot;,&quot;id&quot;:&quot;&quot;,&quot;size&quot;:&quot;&quot;},&quot;jet_parallax_layout_image_mobile&quot;:{&quot;url&quot;:&quot;&quot;,&quot;id&quot;:&quot;&quot;,&quot;size&quot;:&quot;&quot;},&quot;jet_parallax_layout_speed&quot;:{&quot;unit&quot;:&quot;%&quot;,&quot;size&quot;:50,&quot;sizes&quot;:[]},&quot;jet_parallax_layout_type&quot;:&quot;scroll&quot;,&quot;jet_parallax_layout_direction&quot;:null,&quot;jet_parallax_layout_fx_direction&quot;:null,&quot;jet_parallax_layout_z_index&quot;:&quot;&quot;,&quot;jet_parallax_layout_bg_x&quot;:50,&quot;jet_parallax_layout_bg_x_tablet&quot;:&quot;&quot;,&quot;jet_parallax_layout_bg_x_mobile&quot;:&quot;&quot;,&quot;jet_parallax_layout_bg_y&quot;:50,&quot;jet_parallax_layout_bg_y_tablet&quot;:&quot;&quot;,&quot;jet_parallax_layout_bg_y_mobile&quot;:&quot;&quot;,&quot;jet_parallax_layout_bg_size&quot;:&quot;auto&quot;,&quot;jet_parallax_layout_bg_size_tablet&quot;:&quot;&quot;,&quot;jet_parallax_layout_bg_size_mobile&quot;:&quot;&quot;,&quot;jet_parallax_layout_animation_prop&quot;:&quot;transform&quot;,&quot;jet_parallax_layout_on&quot;:[&quot;desktop&quot;,&quot;tablet&quot;]}]}\">\n\t\t\t\t\t\t<div class=\"elementor-container elementor-column-gap-default\">\n\t\t\t\t\t<div class=\"elementor-column elementor-col-100 elementor-top-column elementor-element elementor-element-908faac\" data-id=\"908faac\" data-element_type=\"column\">\n\t\t\t<div class=\"elementor-widget-wrap elementor-element-populated\">\n\t\t\t\t\t\t<div class=\"elementor-element elementor-element-e4d3fb9 elementor-widget elementor-widget-text-editor\" data-id=\"e4d3fb9\" data-element_type=\"widget\" data-widget_type=\"text-editor.default\">\n\t\t\t\t<div class=\"elementor-widget-container\">\n\t\t\t\t\t\t\t<strong>\u00a0<\/strong>\r\n<h2><strong>AV\u00cdS LEGAL<\/strong><\/h2>\r\nEn compliment de l&#8217;article 10 de la Llei 34\/2002, d&#8217;11 de juliol, de Serveis de la Societat de la Informaci\u00f3 i Comer\u00e7 Electr\u00f2nic (LSSI-CE) a continuaci\u00f3 es detallen les dades identificatives de l&#8217;empresa:\r\n<ul>\r\n \t<li><strong>LEXIT LEGAL ADVOCATS<\/strong><\/li>\r\n \t<li><strong>Titular del despatx: Manuel Gal\u00e1n Olmos<\/strong><\/li>\r\n \t<li><strong>NIF: 41526305N <\/strong><\/li>\r\n \t<li><strong>N\u00fam. col\u2022legiaci\u00f3 3765 de l\u2019Il\u2022lustre Col\u2022legi d\u2019 Advocats de Girona<\/strong><\/li>\r\n \t<li><strong>Adre\u00e7a: <span class=\"elementor-icon-list-text\">Pla\u00e7a Poeta Marquina 6, 1r B 17002 &#8211; Girona<\/span><\/strong><\/li>\r\n \t<li><strong>Tel\u00e8fon: 972 105 933<\/strong><\/li>\r\n \t<li><strong>Email: dpo@lexitlegal.com<\/strong><\/li>\r\n<\/ul>\r\n<u>Finalitat de la p\u00e0gina web<\/u>\r\n\r\nLa finalitat d\u2019aquesta web \u00e9s atendre les seves consultes i peticions.\r\n\r\nEl present av\u00eds legal (d&#8217;ara endavant, &#8220;Av\u00eds Legal&#8221;) regula l&#8217;\u00fas del lloc web: www.lexitlegal.com\r\n\r\n<u>Legislaci\u00f3<\/u>\r\n\r\nAmb car\u00e0cter general les relacions entre LEXIT LEGAL ADVOCATS amb els usuaris dels seus serveis telem\u00e0tics, presents en aquest lloc web, es troben sotmeses a la legislaci\u00f3 i jurisdicci\u00f3 espanyoles.\r\n\r\n<u>\u00das i acc\u00e9s d&#8217;usuaris<\/u>\r\n\r\nL&#8217;Usuari queda informat, i accepta, que l&#8217;acc\u00e9s a la present web no suposa, de cap manera, l&#8217;inici d&#8217;una relaci\u00f3 comercial amb LEXIT LEGAL ADVOCATS o qualsevol de les seves delegacions.\r\n\r\n<u>Propietat intel\u2022lectual i industrial<\/u>\r\n\r\nEls drets de propietat intel\u2022lectual del contingut de les p\u00e0gines web, el seu disseny gr\u00e0fic i codis s\u00f3n titularitat de LEXIT LEGAL ADVOCATS i, per tant, queda prohibida la seva reproducci\u00f3, distribuci\u00f3, comunicaci\u00f3 p\u00fablica, transformaci\u00f3 o qualsevol altra activitat que es pugui realitzar amb els continguts de les seves p\u00e0gines web ni fins i tot citant les fonts, excepte consentiment per escrit de LEXIT LEGAL ADVOCATS.\r\n\r\n<u>Contingut de la web i enlla\u00e7os (links)<\/u>\r\n\r\nLEXIT LEGAL ADVOCATS es reserva el dret a actualitzar, modificar o eliminar la informaci\u00f3 continguda a les seves p\u00e0gines web podent fins i tot limitar o no permetre l&#8217;acc\u00e9s a aquesta informaci\u00f3 a certs usuaris.\r\n\r\nLEXIT LEGAL ADVOCATS no assumeix responsabilitat alguna per la informaci\u00f3 continguda en p\u00e0gines web de tercers a les quals es pugui accedir per &#8220;links&#8221; o enlla\u00e7os des de qualsevol p\u00e0gina web propietat de LEXIT LEGAL ADVOCATS. La pres\u00e8ncia de &#8220;links&#8221; o enlla\u00e7os a les p\u00e0gines web de LEXIT LEGAL ADVOCATS t\u00e9 finalitat merament informativa i en cap cas suposa suggeriment, invitaci\u00f3 o recomanaci\u00f3 sobre els mateixos.\r\n\r\n<strong>\u00a0<\/strong>\t\t\t\t\t\t<\/div>\n\t\t\t\t<\/div>\n\t\t\t\t\t<\/div>\n\t\t<\/div>\n\t\t\t\t\t<\/div>\n\t\t<\/section>\n\t\t\t\t<\/div>\n\t\t","protected":false},"excerpt":{"rendered":"<p>\u00a0 AV\u00cdS LEGAL En compliment de l&#8217;article 10 de la Llei 34\/2002, d&#8217;11 de juliol, de Serveis de la Societat de la Informaci\u00f3 i Comer\u00e7 Electr\u00f2nic (LSSI-CE) a continuaci\u00f3 es detallen les dades identificatives de l&#8217;empresa: LEXIT LEGAL ADVOCATS Titular del despatx: Manuel Gal\u00e1n Olmos NIF: 41526305N N\u00fam. col\u2022legiaci\u00f3 3765 de l\u2019Il\u2022lustre Col\u2022legi d\u2019 Advocats &#8230; <a title=\"Av\u00eds legal\" class=\"read-more\" href=\"https:\/\/lexitlegal.com\/ca\/avis-legal\/\" aria-label=\"More on Av\u00eds legal\">Read more<\/a><\/p>\n","protected":false},"author":1,"featured_media":0,"parent":0,"menu_order":0,"comment_status":"closed","ping_status":"closed","template":"","meta":{"_joinchat":[],"footnotes":""},"class_list":["post-675","page","type-page","status-publish"],"yoast_head":"<!-- This site is optimized with the Yoast SEO plugin v25.6 - https:\/\/yoast.com\/wordpress\/plugins\/seo\/ -->\n<title>Av\u00eds legal - Lexit Legal Advocats<\/title>\n<meta name=\"robots\" content=\"noindex, nofollow\" \/>\n<meta property=\"og:locale\" content=\"ca_ES\" \/>\n<meta property=\"og:type\" content=\"article\" \/>\n<meta property=\"og:title\" content=\"Av\u00eds legal - Lexit Legal Advocats\" \/>\n<meta property=\"og:description\" content=\"\u00a0 AV\u00cdS LEGAL En compliment de l&#8217;article 10 de la Llei 34\/2002, d&#8217;11 de juliol, de Serveis de la Societat de la Informaci\u00f3 i Comer\u00e7 Electr\u00f2nic (LSSI-CE) a continuaci\u00f3 es detallen les dades identificatives de l&#8217;empresa: LEXIT LEGAL ADVOCATS Titular del despatx: Manuel Gal\u00e1n Olmos NIF: 41526305N N\u00fam. col\u2022legiaci\u00f3 3765 de l\u2019Il\u2022lustre Col\u2022legi d\u2019 Advocats ... Read more\" \/>\n<meta property=\"og:url\" content=\"https:\/\/lexitlegal.com\/aviso-legal\/\" \/>\n<meta property=\"og:site_name\" content=\"Lexit Legal Advocats\" \/>\n<meta property=\"article:publisher\" content=\"https:\/\/m.facebook.com\/Lexit-Legal-Advocats-107647294479881\/\" \/>\n<meta property=\"article:modified_time\" content=\"2022-10-04T09:28:35+00:00\" \/>\n<meta name=\"twitter:card\" content=\"summary_large_image\" \/>\n<meta name=\"twitter:label1\" content=\"Temps estimat de lectura\" \/>\n\t<meta name=\"twitter:data1\" content=\"2 minuts\" \/>\n<script type=\"application\/ld+json\" class=\"yoast-schema-graph\">{\"@context\":\"https:\/\/schema.org\",\"@graph\":[{\"@type\":\"WebPage\",\"@id\":\"https:\/\/lexitlegal.com\/aviso-legal\/\",\"url\":\"https:\/\/lexitlegal.com\/aviso-legal\/\",\"name\":\"Av\u00eds legal - Lexit Legal Advocats\",\"isPartOf\":{\"@id\":\"https:\/\/lexitlegal.com\/#website\"},\"datePublished\":\"2020-11-03T12:26:16+00:00\",\"dateModified\":\"2022-10-04T09:28:35+00:00\",\"breadcrumb\":{\"@id\":\"https:\/\/lexitlegal.com\/aviso-legal\/#breadcrumb\"},\"inLanguage\":\"ca\",\"potentialAction\":[{\"@type\":\"ReadAction\",\"target\":[\"https:\/\/lexitlegal.com\/aviso-legal\/\"]}]},{\"@type\":\"BreadcrumbList\",\"@id\":\"https:\/\/lexitlegal.com\/aviso-legal\/#breadcrumb\",\"itemListElement\":[{\"@type\":\"ListItem\",\"position\":1,\"name\":\"Portada\",\"item\":\"https:\/\/lexitlegal.com\/\"},{\"@type\":\"ListItem\",\"position\":2,\"name\":\"Av\u00eds legal\"}]},{\"@type\":\"WebSite\",\"@id\":\"https:\/\/lexitlegal.com\/#website\",\"url\":\"https:\/\/lexitlegal.com\/\",\"name\":\"Lexit Legal Advocats\",\"description\":\"\",\"publisher\":{\"@id\":\"https:\/\/lexitlegal.com\/#organization\"},\"potentialAction\":[{\"@type\":\"SearchAction\",\"target\":{\"@type\":\"EntryPoint\",\"urlTemplate\":\"https:\/\/lexitlegal.com\/?s={search_term_string}\"},\"query-input\":{\"@type\":\"PropertyValueSpecification\",\"valueRequired\":true,\"valueName\":\"search_term_string\"}}],\"inLanguage\":\"ca\"},{\"@type\":\"Organization\",\"@id\":\"https:\/\/lexitlegal.com\/#organization\",\"name\":\"Lexit Legal Advocats\",\"url\":\"https:\/\/lexitlegal.com\/\",\"logo\":{\"@type\":\"ImageObject\",\"inLanguage\":\"ca\",\"@id\":\"https:\/\/lexitlegal.com\/#\/schema\/logo\/image\/\",\"url\":\"https:\/\/lexitlegal.com\/wp-content\/uploads\/2020\/09\/lexit-advocats.svg\",\"contentUrl\":\"https:\/\/lexitlegal.com\/wp-content\/uploads\/2020\/09\/lexit-advocats.svg\",\"width\":273.317,\"height\":51.068,\"caption\":\"Lexit Legal Advocats\"},\"image\":{\"@id\":\"https:\/\/lexitlegal.com\/#\/schema\/logo\/image\/\"},\"sameAs\":[\"https:\/\/m.facebook.com\/Lexit-Legal-Advocats-107647294479881\/\",\"https:\/\/www.linkedin.com\/company\/lexit-legal-advocats\"]}]}<\/script>\n<!-- \/ Yoast SEO plugin. -->","yoast_head_json":{"title":"Av\u00eds legal - Lexit Legal Advocats","robots":{"index":"noindex","follow":"nofollow"},"og_locale":"ca_ES","og_type":"article","og_title":"Av\u00eds legal - Lexit Legal Advocats","og_description":"\u00a0 AV\u00cdS LEGAL En compliment de l&#8217;article 10 de la Llei 34\/2002, d&#8217;11 de juliol, de Serveis de la Societat de la Informaci\u00f3 i Comer\u00e7 Electr\u00f2nic (LSSI-CE) a continuaci\u00f3 es detallen les dades identificatives de l&#8217;empresa: LEXIT LEGAL ADVOCATS Titular del despatx: Manuel Gal\u00e1n Olmos NIF: 41526305N N\u00fam. col\u2022legiaci\u00f3 3765 de l\u2019Il\u2022lustre Col\u2022legi d\u2019 Advocats ... Read more","og_url":"https:\/\/lexitlegal.com\/aviso-legal\/","og_site_name":"Lexit Legal Advocats","article_publisher":"https:\/\/m.facebook.com\/Lexit-Legal-Advocats-107647294479881\/","article_modified_time":"2022-10-04T09:28:35+00:00","twitter_card":"summary_large_image","twitter_misc":{"Temps estimat de lectura":"2 minuts"},"schema":{"@context":"https:\/\/schema.org","@graph":[{"@type":"WebPage","@id":"https:\/\/lexitlegal.com\/aviso-legal\/","url":"https:\/\/lexitlegal.com\/aviso-legal\/","name":"Av\u00eds legal - Lexit Legal Advocats","isPartOf":{"@id":"https:\/\/lexitlegal.com\/#website"},"datePublished":"2020-11-03T12:26:16+00:00","dateModified":"2022-10-04T09:28:35+00:00","breadcrumb":{"@id":"https:\/\/lexitlegal.com\/aviso-legal\/#breadcrumb"},"inLanguage":"ca","potentialAction":[{"@type":"ReadAction","target":["https:\/\/lexitlegal.com\/aviso-legal\/"]}]},{"@type":"BreadcrumbList","@id":"https:\/\/lexitlegal.com\/aviso-legal\/#breadcrumb","itemListElement":[{"@type":"ListItem","position":1,"name":"Portada","item":"https:\/\/lexitlegal.com\/"},{"@type":"ListItem","position":2,"name":"Av\u00eds legal"}]},{"@type":"WebSite","@id":"https:\/\/lexitlegal.com\/#website","url":"https:\/\/lexitlegal.com\/","name":"Lexit Legal Advocats","description":"","publisher":{"@id":"https:\/\/lexitlegal.com\/#organization"},"potentialAction":[{"@type":"SearchAction","target":{"@type":"EntryPoint","urlTemplate":"https:\/\/lexitlegal.com\/?s={search_term_string}"},"query-input":{"@type":"PropertyValueSpecification","valueRequired":true,"valueName":"search_term_string"}}],"inLanguage":"ca"},{"@type":"Organization","@id":"https:\/\/lexitlegal.com\/#organization","name":"Lexit Legal Advocats","url":"https:\/\/lexitlegal.com\/","logo":{"@type":"ImageObject","inLanguage":"ca","@id":"https:\/\/lexitlegal.com\/#\/schema\/logo\/image\/","url":"https:\/\/lexitlegal.com\/wp-content\/uploads\/2020\/09\/lexit-advocats.svg","contentUrl":"https:\/\/lexitlegal.com\/wp-content\/uploads\/2020\/09\/lexit-advocats.svg","width":273.317,"height":51.068,"caption":"Lexit Legal Advocats"},"image":{"@id":"https:\/\/lexitlegal.com\/#\/schema\/logo\/image\/"},"sameAs":["https:\/\/m.facebook.com\/Lexit-Legal-Advocats-107647294479881\/","https:\/\/www.linkedin.com\/company\/lexit-legal-advocats"]}]}},"_links":{"self":[{"href":"https:\/\/lexitlegal.com\/ca\/wp-json\/wp\/v2\/pages\/675"}],"collection":[{"href":"https:\/\/lexitlegal.com\/ca\/wp-json\/wp\/v2\/pages"}],"about":[{"href":"https:\/\/lexitlegal.com\/ca\/wp-json\/wp\/v2\/types\/page"}],"author":[{"embeddable":true,"href":"https:\/\/lexitlegal.com\/ca\/wp-json\/wp\/v2\/users\/1"}],"replies":[{"embeddable":true,"href":"https:\/\/lexitlegal.com\/ca\/wp-json\/wp\/v2\/comments?post=675"}],"version-history":[{"count":11,"href":"https:\/\/lexitlegal.com\/ca\/wp-json\/wp\/v2\/pages\/675\/revisions"}],"predecessor-version":[{"id":3553,"href":"https:\/\/lexitlegal.com\/ca\/wp-json\/wp\/v2\/pages\/675\/revisions\/3553"}],"wp:attachment":[{"href":"https:\/\/lexitlegal.com\/ca\/wp-json\/wp\/v2\/media?parent=675"}],"curies":[{"name":"wp","href":"https:\/\/api.w.org\/{rel}","templated":true}]}}