{"id":673,"date":"2020-11-03T13:21:58","date_gmt":"2020-11-03T12:21:58","guid":{"rendered":"https:\/\/lexitlegal.com\/politica-de-privacitat-xarxes-socials\/"},"modified":"2022-10-04T11:34:27","modified_gmt":"2022-10-04T09:34:27","slug":"politica-de-privacitat-xarxes-socials","status":"publish","type":"page","link":"https:\/\/lexitlegal.com\/ca\/politica-de-privacitat-xarxes-socials\/","title":{"rendered":"Pol\u00edtica de privacitat xarxes socials"},"content":{"rendered":"\t\t<div data-elementor-type=\"wp-page\" data-elementor-id=\"673\" class=\"elementor elementor-673 elementor-449\" data-elementor-post-type=\"page\">\n\t\t\t\t\t\t<section class=\"elementor-section elementor-top-section elementor-element elementor-element-171e115 elementor-section-boxed elementor-section-height-default elementor-section-height-default\" data-id=\"171e115\" data-element_type=\"section\" data-settings=\"{&quot;jet_parallax_layout_list&quot;:[{&quot;_id&quot;:&quot;2fb6f9e&quot;,&quot;jet_parallax_layout_image&quot;:{&quot;url&quot;:&quot;&quot;,&quot;id&quot;:&quot;&quot;,&quot;size&quot;:&quot;&quot;},&quot;jet_parallax_layout_image_tablet&quot;:{&quot;url&quot;:&quot;&quot;,&quot;id&quot;:&quot;&quot;,&quot;size&quot;:&quot;&quot;},&quot;jet_parallax_layout_image_mobile&quot;:{&quot;url&quot;:&quot;&quot;,&quot;id&quot;:&quot;&quot;,&quot;size&quot;:&quot;&quot;},&quot;jet_parallax_layout_speed&quot;:{&quot;unit&quot;:&quot;%&quot;,&quot;size&quot;:50,&quot;sizes&quot;:[]},&quot;jet_parallax_layout_type&quot;:&quot;scroll&quot;,&quot;jet_parallax_layout_direction&quot;:null,&quot;jet_parallax_layout_fx_direction&quot;:null,&quot;jet_parallax_layout_z_index&quot;:&quot;&quot;,&quot;jet_parallax_layout_bg_x&quot;:50,&quot;jet_parallax_layout_bg_x_tablet&quot;:&quot;&quot;,&quot;jet_parallax_layout_bg_x_mobile&quot;:&quot;&quot;,&quot;jet_parallax_layout_bg_y&quot;:50,&quot;jet_parallax_layout_bg_y_tablet&quot;:&quot;&quot;,&quot;jet_parallax_layout_bg_y_mobile&quot;:&quot;&quot;,&quot;jet_parallax_layout_bg_size&quot;:&quot;auto&quot;,&quot;jet_parallax_layout_bg_size_tablet&quot;:&quot;&quot;,&quot;jet_parallax_layout_bg_size_mobile&quot;:&quot;&quot;,&quot;jet_parallax_layout_animation_prop&quot;:&quot;transform&quot;,&quot;jet_parallax_layout_on&quot;:[&quot;desktop&quot;,&quot;tablet&quot;]}]}\">\n\t\t\t\t\t\t<div class=\"elementor-container elementor-column-gap-default\">\n\t\t\t\t\t<div class=\"elementor-column elementor-col-100 elementor-top-column elementor-element elementor-element-fcf7477\" data-id=\"fcf7477\" data-element_type=\"column\">\n\t\t\t<div class=\"elementor-widget-wrap elementor-element-populated\">\n\t\t\t\t\t\t<div class=\"elementor-element elementor-element-5c2b976 elementor-widget elementor-widget-text-editor\" data-id=\"5c2b976\" data-element_type=\"widget\" data-widget_type=\"text-editor.default\">\n\t\t\t\t<div class=\"elementor-widget-container\">\n\t\t\t\t\t\t\t<strong>\u00a0<\/strong>\r\n<h2><strong> POL\u00cdTICA DE PRIVACITAT XARXES SOCIALS<\/strong><\/h2>\r\nEn compliment de Reglament (UE) 2016\/679 de 27 d&#8217;abril del 2016 (RGPD) i la Llei 34\/2002, d&#8217;11 de juliol, de Serveis de la Societat de la Informaci\u00f3 i de Comer\u00e7 Electr\u00f2nic (LSSI-CE), LEXIT LEGAL ADVOCATS informa als usuaris, que ha procedit a crear un perfil en les Xarxes Socials <strong>Facebook<\/strong>, <strong>Twitter<\/strong> i <strong>Linkedin<\/strong><em>, <\/em>amb la finalitat principal de publicitar els seus productes i serveis.\r\n<ul>\r\n \t<li><strong>LEXIT LEGAL ADVOCATS<\/strong><\/li>\r\n \t<li><strong>Titular del despacho: Manuel Gal\u00e1n Olmos<\/strong><\/li>\r\n \t<li><strong>NIF: 41526305N<\/strong><\/li>\r\n \t<li><strong>N\u00fam. col\u2022legiaci\u00f3 3765 de l\u2019Il\u2022lustre Col\u2022legi d\u2019 Advocats de Girona<\/strong><\/li>\r\n \t<li><strong>Adre\u00e7a: Pla\u00e7a Poeta Marquina 6, 1r B 17002 \u2013 Girona<\/strong><\/li>\r\n \t<li><strong>Tel\u00e8fon: 972 105 933<\/strong><\/li>\r\n \t<li><strong>Email: dpo@lexitlegal.com<\/strong><\/li>\r\n \t<li><strong>P\u00e0gina web: <\/strong><strong>www.lexitlegal.com<\/strong><\/li>\r\n<\/ul>\r\nL&#8217;Usuari disposa d&#8217;un perfil a la mateixa Xarxa Social i ha decidit unir-se a la p\u00e0gina creada per LEXIT LEGAL ADVOCATS, mostrant aix\u00ed inter\u00e8s en la informaci\u00f3 que es publiciti a la Xarxa. En unir-se a la nostra p\u00e0gina, ens facilita el seu consentiment per al tractament d&#8217;aquelles dades personals publicades en el seu perfil.\r\n\r\nL&#8217;Usuari pot accedir a tot moment a les pol\u00edtiques de privadesa de la pr\u00f2pia Xarxa Social, aix\u00ed com configurar el seu perfil per garantir la seva privadesa.\r\n\r\nLEXIT LEGAL ADVOCATS t\u00e9 acc\u00e9s i tracta aquella informaci\u00f3 p\u00fablica de l&#8217;Usuari, especialment, el seu nom de contacte. Aquestes dades, nom\u00e9s s\u00f3n utilitzats dins de la pr\u00f2pia Xarxa Social. No s\u00f3n incorporats a cap fitxer.\r\n\r\nEn relaci\u00f3 als drets d&#8217;acc\u00e9s, rectificaci\u00f3, supressi\u00f3, limitaci\u00f3, portabilitat i oposici\u00f3, dels quals vost\u00e8 disposa i que poden ser exercitats davant LEXIT LEGAL ADVOCATS, d&#8217;acord amb el Reglament (UE) 2016\/679 de 27 d&#8217;abril del 2016, ha de tenir en compte els seg\u00fcents matisos:\r\n<ul>\r\n \t<li><u>Acc\u00e9s<\/u>: Vindr\u00e0 definit per la funcionalitat de la Xarxa Social i la capacitat d&#8217;acc\u00e9s a la informaci\u00f3 dels perfils dels usuaris.<\/li>\r\n \t<li><u>Rectificaci\u00f3<\/u>: Nom\u00e9s podr\u00e0 satisfer-se en relaci\u00f3 a aquella informaci\u00f3 que es trobi sota el control de LEXIT LEGAL ADVOCATS, per exemple, eliminar comentaris publicats a la pr\u00f2pia p\u00e0gina. Normalment, aquest dret haur\u00e0 d&#8217;exercir-ho davant la Xarxa Social.<\/li>\r\n \t<li><u>Supressi\u00f3 i\/o Oposici\u00f3<\/u>: Com en el cas anterior, nom\u00e9s podr\u00e0 satisfer-se en relaci\u00f3 a aquella informaci\u00f3 que es trobi sota el control de LEXIT LEGAL ADVOCATS, per exemple, deixar d&#8217;estar unit al perfil.<\/li>\r\n \t<li><u>Portabilitat<\/u>: es preveu la possibilitat de transmetre les dades d\u2019un responsable a un altre, de manera que l\u2019interessat tindr\u00e0 dret a que les seves dades personals es transmetin directament quan siguin t\u00e8cnicament possible.<\/li>\r\n \t<li><u>Limitaci\u00f3<\/u>: Es tracta d&#8217;una mesura cautelar que redueix el tractament de les dades personals a la conservaci\u00f3.<\/li>\r\n<\/ul>\r\nEls sup\u00f2sits en qu\u00e8 l&#8217;interessat tindr\u00e0 dret a obtenir del responsable del tractament la limitaci\u00f3 del tractament de les dades estan taxats per la norma i s\u00f3n:\r\n<ul>\r\n \t<li>-Quan l&#8217;interessat impugni l&#8217;exactitud de les dades personals, durant un termini que permeti al responsable verificar l&#8217;exactitud dels mateixos.<\/li>\r\n \t<li>-Quan el tractament sigui il\u2022l\u00edcit i l&#8217;interessat s&#8217;oposi a la supressi\u00f3 de les dades personals i sol\u2022liciti en el seu lloc la limitaci\u00f3 del seu \u00fas.<\/li>\r\n \t<li>-Quan el responsable ja no necessiti les dades personals per a les finalitats del tractament, per\u00f2 l&#8217;interessat els necessiti per a la formulaci\u00f3, l&#8217;exercici o la defensa de reclamacions.<\/li>\r\n \t<li>-Quan l&#8217;interessat s&#8217;hagi oposat al tractament exercitant el seu dret d&#8217;oposici\u00f3, mentre es verifica si els motius leg\u00edtims del responsable prevalen sobre els de l&#8217;interessat.<\/li>\r\n<\/ul>\r\nLEXIT LEGAL ADVOCATS realitzar\u00e0 les seg\u00fcents actuacions:\r\n<ul>\r\n \t<li>Acc\u00e9s a la informaci\u00f3 p\u00fablica del perfil.<\/li>\r\n \t<li>Publicaci\u00f3 en el perfil de l&#8217;Usuari de tota aquella informaci\u00f3 ja publicada a la p\u00e0gina de LEXIT LEGAL ADVOCATS.<\/li>\r\n \t<li>Enviar missatges personals i individuals a trav\u00e9s dels canals de la Xarxa Social.<\/li>\r\n \t<li>Actualitzacions de l&#8217;estat de la p\u00e0gina que es publicaran en el perfil de l&#8217;Usuari.<\/li>\r\n<\/ul>\r\nL&#8217;Usuari sempre pot controlar les seves connexions, eliminar els continguts que deixin d&#8217;interessar-li i restringir amb qui comparteix les seves connexions, per a aix\u00f2 haur\u00e0 d&#8217;accedir a la seva configuraci\u00f3 de privadesa.\r\n\r\n<u>Publicacions<\/u>\r\n\r\nL&#8217;Usuari, una vegada unit a la p\u00e0gina de LEXIT LEGAL ADVOCATS, podr\u00e0 publicar en aquesta \u00faltima comentaris, enlla\u00e7os, imatges o fotografies o qualsevol altre tipus de contingut multim\u00e8dia suportat per la Xarxa Social. L&#8217;Usuari, en tots els casos, ha de ser el titular dels mateixos, gaudir dels drets d&#8217;autor i de propietat intel\u2022lectual o comptar amb el consentiment dels tercers afectats. Es prohibeix expressament qualsevol publicaci\u00f3 a la p\u00e0gina, ja siguin textos, gr\u00e0fics, fotografies, v\u00eddeos, etc. que atemptin o siguin susceptibles d&#8217;atemptar contra la moral, l&#8217;\u00e8tica, el bon gust o el decoro, i\/o que infringeixin, violin o infringeixin els drets de propietat intel\u2022lectual o industrial, el dret a la imatge o la Llei. En aquests casos, LEXIT LEGAL ADVOCATS es reserva el dret a retirar immediatament el contingut, podent sol\u2022licitar el bloqueig permanent de l&#8217;Usuari.\r\n\r\nLEXIT LEGAL ADVOCATS no es far\u00e0 responsable dels continguts que lliurement ha publicat un usuari.\r\n\r\nL&#8217;Usuari ha de tenir present que les seves publicacions seran conegudes pels altres usuaris, per la qual cosa ell mateix \u00e9s el principal responsable de la seva privadesa.\r\n\r\nLes imatges que puguin publicar-se a la p\u00e0gina no seran emmagatzemades en cap fitxer per part de LEXIT LEGAL ADVOCATS, per\u00f2 si que romandran a la Xarxa Social.\r\n\r\n<u>Concursos i promocions<\/u>\r\n\r\nLEXIT LEGAL ADVOCATS es reserva el dret a realitzar concursos i promocions, en els quals podr\u00e0 participar l&#8217;Usuari unit a la seva p\u00e0gina. Les bases de cadascun d&#8217;ells, quan s&#8217;utilitzi per a aix\u00f2 la plataforma de la Xarxa Social, seran publicades en la mateixa. Complint sempre amb la LSSI-CE i amb qualsevol altra norma que li sigui aplicable.\r\n\r\nLa Xarxa Social no patrocina, avala ni administra, de manera algun, cap de les nostres promocions, ni est\u00e0 associada a cap d&#8217;elles.\r\n\r\n<u>Publicitat<\/u>\r\n\r\nLEXIT LEGAL ADVOCATS utilitzar\u00e0 la Xarxa Social per publicitar els seus productes i serveis, en tot cas, si decideix tractar les seves dades de contacte per realitzar accions directes de prospecci\u00f3 comercial, ser\u00e0 sempre, complint amb les exig\u00e8ncies legals del REGLAMENT (UE) 2016\/679 i de la LSSI-CE.\r\n\r\nNo es considerar\u00e0 publicitat el fet de recomanar a altres usuaris la p\u00e0gina de LEXIT LEGAL ADVOCATS perqu\u00e8 tamb\u00e9 ells puguin gaudir de les promocions o estar informats de la seva activitat.\r\n\r\nA continuaci\u00f3 detallem l&#8217;enlla\u00e7 a la pol\u00edtica de privadesa de la Xarxa Social:\r\n<ul>\r\n \t<li>Facebook, <a href=\"https:\/\/www.facebook.com\/help\/323540651073243\/\">https:\/\/www.facebook.com\/help\/323540651073243\/<\/a><\/li>\r\n \t<li>Twitter, <a href=\"https:\/\/twitter.com\/privacy\">https:\/\/twitter.com\/privacy<\/a><\/li>\r\n \t<li>Linkedin, <a href=\"http:\/\/www.linkedin.com\/legal\/privacy-policy?trk=hb_ft_priv\">http:\/\/www.linkedin.com\/legal\/privacy-policy?trk=hb_ft_priv<\/a><\/li>\r\n<\/ul>\r\n<strong>\u00a0<\/strong>\t\t\t\t\t\t<\/div>\n\t\t\t\t<\/div>\n\t\t\t\t\t<\/div>\n\t\t<\/div>\n\t\t\t\t\t<\/div>\n\t\t<\/section>\n\t\t\t\t<\/div>\n\t\t","protected":false},"excerpt":{"rendered":"<p>\u00a0 POL\u00cdTICA DE PRIVACITAT XARXES SOCIALS En compliment de Reglament (UE) 2016\/679 de 27 d&#8217;abril del 2016 (RGPD) i la Llei 34\/2002, d&#8217;11 de juliol, de Serveis de la Societat de la Informaci\u00f3 i de Comer\u00e7 Electr\u00f2nic (LSSI-CE), LEXIT LEGAL ADVOCATS informa als usuaris, que ha procedit a crear un perfil en les Xarxes Socials &#8230; <a title=\"Pol\u00edtica de privacitat xarxes socials\" class=\"read-more\" href=\"https:\/\/lexitlegal.com\/ca\/politica-de-privacitat-xarxes-socials\/\" aria-label=\"More on Pol\u00edtica de privacitat xarxes socials\">Read more<\/a><\/p>\n","protected":false},"author":1,"featured_media":0,"parent":0,"menu_order":0,"comment_status":"closed","ping_status":"closed","template":"","meta":{"_joinchat":[],"footnotes":""},"class_list":["post-673","page","type-page","status-publish"],"yoast_head":"<!-- This site is optimized with the Yoast SEO plugin v25.6 - https:\/\/yoast.com\/wordpress\/plugins\/seo\/ -->\n<title>Pol\u00edtica de privacitat xarxes socials - Lexit Legal Advocats<\/title>\n<meta name=\"robots\" content=\"noindex, nofollow\" \/>\n<meta property=\"og:locale\" content=\"ca_ES\" \/>\n<meta property=\"og:type\" content=\"article\" \/>\n<meta property=\"og:title\" content=\"Pol\u00edtica de privacitat xarxes socials - Lexit Legal Advocats\" \/>\n<meta property=\"og:description\" content=\"\u00a0 POL\u00cdTICA DE PRIVACITAT XARXES SOCIALS En compliment de Reglament (UE) 2016\/679 de 27 d&#8217;abril del 2016 (RGPD) i la Llei 34\/2002, d&#8217;11 de juliol, de Serveis de la Societat de la Informaci\u00f3 i de Comer\u00e7 Electr\u00f2nic (LSSI-CE), LEXIT LEGAL ADVOCATS informa als usuaris, que ha procedit a crear un perfil en les Xarxes Socials ... Read more\" \/>\n<meta property=\"og:url\" content=\"https:\/\/lexitlegal.com\/politica-de-privacidad-en-redes-sociales\/\" \/>\n<meta property=\"og:site_name\" content=\"Lexit Legal Advocats\" \/>\n<meta property=\"article:publisher\" content=\"https:\/\/m.facebook.com\/Lexit-Legal-Advocats-107647294479881\/\" \/>\n<meta property=\"article:modified_time\" content=\"2022-10-04T09:34:27+00:00\" \/>\n<meta name=\"twitter:card\" content=\"summary_large_image\" \/>\n<meta name=\"twitter:label1\" content=\"Temps estimat de lectura\" \/>\n\t<meta name=\"twitter:data1\" content=\"5 minuts\" \/>\n<script type=\"application\/ld+json\" class=\"yoast-schema-graph\">{\"@context\":\"https:\/\/schema.org\",\"@graph\":[{\"@type\":\"WebPage\",\"@id\":\"https:\/\/lexitlegal.com\/politica-de-privacidad-en-redes-sociales\/\",\"url\":\"https:\/\/lexitlegal.com\/politica-de-privacidad-en-redes-sociales\/\",\"name\":\"Pol\u00edtica de privacitat xarxes socials - Lexit Legal Advocats\",\"isPartOf\":{\"@id\":\"https:\/\/lexitlegal.com\/#website\"},\"datePublished\":\"2020-11-03T12:21:58+00:00\",\"dateModified\":\"2022-10-04T09:34:27+00:00\",\"breadcrumb\":{\"@id\":\"https:\/\/lexitlegal.com\/politica-de-privacidad-en-redes-sociales\/#breadcrumb\"},\"inLanguage\":\"ca\",\"potentialAction\":[{\"@type\":\"ReadAction\",\"target\":[\"https:\/\/lexitlegal.com\/politica-de-privacidad-en-redes-sociales\/\"]}]},{\"@type\":\"BreadcrumbList\",\"@id\":\"https:\/\/lexitlegal.com\/politica-de-privacidad-en-redes-sociales\/#breadcrumb\",\"itemListElement\":[{\"@type\":\"ListItem\",\"position\":1,\"name\":\"Portada\",\"item\":\"https:\/\/lexitlegal.com\/\"},{\"@type\":\"ListItem\",\"position\":2,\"name\":\"Pol\u00edtica de privacitat xarxes socials\"}]},{\"@type\":\"WebSite\",\"@id\":\"https:\/\/lexitlegal.com\/#website\",\"url\":\"https:\/\/lexitlegal.com\/\",\"name\":\"Lexit Legal Advocats\",\"description\":\"\",\"publisher\":{\"@id\":\"https:\/\/lexitlegal.com\/#organization\"},\"potentialAction\":[{\"@type\":\"SearchAction\",\"target\":{\"@type\":\"EntryPoint\",\"urlTemplate\":\"https:\/\/lexitlegal.com\/?s={search_term_string}\"},\"query-input\":{\"@type\":\"PropertyValueSpecification\",\"valueRequired\":true,\"valueName\":\"search_term_string\"}}],\"inLanguage\":\"ca\"},{\"@type\":\"Organization\",\"@id\":\"https:\/\/lexitlegal.com\/#organization\",\"name\":\"Lexit Legal Advocats\",\"url\":\"https:\/\/lexitlegal.com\/\",\"logo\":{\"@type\":\"ImageObject\",\"inLanguage\":\"ca\",\"@id\":\"https:\/\/lexitlegal.com\/#\/schema\/logo\/image\/\",\"url\":\"https:\/\/lexitlegal.com\/wp-content\/uploads\/2020\/09\/lexit-advocats.svg\",\"contentUrl\":\"https:\/\/lexitlegal.com\/wp-content\/uploads\/2020\/09\/lexit-advocats.svg\",\"width\":273.317,\"height\":51.068,\"caption\":\"Lexit Legal Advocats\"},\"image\":{\"@id\":\"https:\/\/lexitlegal.com\/#\/schema\/logo\/image\/\"},\"sameAs\":[\"https:\/\/m.facebook.com\/Lexit-Legal-Advocats-107647294479881\/\",\"https:\/\/www.linkedin.com\/company\/lexit-legal-advocats\"]}]}<\/script>\n<!-- \/ Yoast SEO plugin. -->","yoast_head_json":{"title":"Pol\u00edtica de privacitat xarxes socials - Lexit Legal Advocats","robots":{"index":"noindex","follow":"nofollow"},"og_locale":"ca_ES","og_type":"article","og_title":"Pol\u00edtica de privacitat xarxes socials - Lexit Legal Advocats","og_description":"\u00a0 POL\u00cdTICA DE PRIVACITAT XARXES SOCIALS En compliment de Reglament (UE) 2016\/679 de 27 d&#8217;abril del 2016 (RGPD) i la Llei 34\/2002, d&#8217;11 de juliol, de Serveis de la Societat de la Informaci\u00f3 i de Comer\u00e7 Electr\u00f2nic (LSSI-CE), LEXIT LEGAL ADVOCATS informa als usuaris, que ha procedit a crear un perfil en les Xarxes Socials ... Read more","og_url":"https:\/\/lexitlegal.com\/politica-de-privacidad-en-redes-sociales\/","og_site_name":"Lexit Legal Advocats","article_publisher":"https:\/\/m.facebook.com\/Lexit-Legal-Advocats-107647294479881\/","article_modified_time":"2022-10-04T09:34:27+00:00","twitter_card":"summary_large_image","twitter_misc":{"Temps estimat de lectura":"5 minuts"},"schema":{"@context":"https:\/\/schema.org","@graph":[{"@type":"WebPage","@id":"https:\/\/lexitlegal.com\/politica-de-privacidad-en-redes-sociales\/","url":"https:\/\/lexitlegal.com\/politica-de-privacidad-en-redes-sociales\/","name":"Pol\u00edtica de privacitat xarxes socials - Lexit Legal Advocats","isPartOf":{"@id":"https:\/\/lexitlegal.com\/#website"},"datePublished":"2020-11-03T12:21:58+00:00","dateModified":"2022-10-04T09:34:27+00:00","breadcrumb":{"@id":"https:\/\/lexitlegal.com\/politica-de-privacidad-en-redes-sociales\/#breadcrumb"},"inLanguage":"ca","potentialAction":[{"@type":"ReadAction","target":["https:\/\/lexitlegal.com\/politica-de-privacidad-en-redes-sociales\/"]}]},{"@type":"BreadcrumbList","@id":"https:\/\/lexitlegal.com\/politica-de-privacidad-en-redes-sociales\/#breadcrumb","itemListElement":[{"@type":"ListItem","position":1,"name":"Portada","item":"https:\/\/lexitlegal.com\/"},{"@type":"ListItem","position":2,"name":"Pol\u00edtica de privacitat xarxes socials"}]},{"@type":"WebSite","@id":"https:\/\/lexitlegal.com\/#website","url":"https:\/\/lexitlegal.com\/","name":"Lexit Legal Advocats","description":"","publisher":{"@id":"https:\/\/lexitlegal.com\/#organization"},"potentialAction":[{"@type":"SearchAction","target":{"@type":"EntryPoint","urlTemplate":"https:\/\/lexitlegal.com\/?s={search_term_string}"},"query-input":{"@type":"PropertyValueSpecification","valueRequired":true,"valueName":"search_term_string"}}],"inLanguage":"ca"},{"@type":"Organization","@id":"https:\/\/lexitlegal.com\/#organization","name":"Lexit Legal Advocats","url":"https:\/\/lexitlegal.com\/","logo":{"@type":"ImageObject","inLanguage":"ca","@id":"https:\/\/lexitlegal.com\/#\/schema\/logo\/image\/","url":"https:\/\/lexitlegal.com\/wp-content\/uploads\/2020\/09\/lexit-advocats.svg","contentUrl":"https:\/\/lexitlegal.com\/wp-content\/uploads\/2020\/09\/lexit-advocats.svg","width":273.317,"height":51.068,"caption":"Lexit Legal Advocats"},"image":{"@id":"https:\/\/lexitlegal.com\/#\/schema\/logo\/image\/"},"sameAs":["https:\/\/m.facebook.com\/Lexit-Legal-Advocats-107647294479881\/","https:\/\/www.linkedin.com\/company\/lexit-legal-advocats"]}]}},"_links":{"self":[{"href":"https:\/\/lexitlegal.com\/ca\/wp-json\/wp\/v2\/pages\/673"}],"collection":[{"href":"https:\/\/lexitlegal.com\/ca\/wp-json\/wp\/v2\/pages"}],"about":[{"href":"https:\/\/lexitlegal.com\/ca\/wp-json\/wp\/v2\/types\/page"}],"author":[{"embeddable":true,"href":"https:\/\/lexitlegal.com\/ca\/wp-json\/wp\/v2\/users\/1"}],"replies":[{"embeddable":true,"href":"https:\/\/lexitlegal.com\/ca\/wp-json\/wp\/v2\/comments?post=673"}],"version-history":[{"count":5,"href":"https:\/\/lexitlegal.com\/ca\/wp-json\/wp\/v2\/pages\/673\/revisions"}],"predecessor-version":[{"id":3565,"href":"https:\/\/lexitlegal.com\/ca\/wp-json\/wp\/v2\/pages\/673\/revisions\/3565"}],"wp:attachment":[{"href":"https:\/\/lexitlegal.com\/ca\/wp-json\/wp\/v2\/media?parent=673"}],"curies":[{"name":"wp","href":"https:\/\/api.w.org\/{rel}","templated":true}]}}