{"id":671,"date":"2020-11-03T13:04:27","date_gmt":"2020-11-03T12:04:27","guid":{"rendered":"https:\/\/lexitlegal.com\/politica-de-privacitat\/"},"modified":"2022-09-14T10:41:28","modified_gmt":"2022-09-14T08:41:28","slug":"politica-de-privacitat","status":"publish","type":"page","link":"https:\/\/lexitlegal.com\/ca\/politica-de-privacitat\/","title":{"rendered":"Pol\u00edtica de privacitat"},"content":{"rendered":"\t\t<div data-elementor-type=\"wp-page\" data-elementor-id=\"671\" class=\"elementor elementor-671 elementor-3\" data-elementor-post-type=\"page\">\n\t\t\t\t\t\t<section class=\"elementor-section elementor-top-section elementor-element elementor-element-2c60d0b elementor-section-boxed elementor-section-height-default elementor-section-height-default\" data-id=\"2c60d0b\" data-element_type=\"section\" data-settings=\"{&quot;jet_parallax_layout_list&quot;:[{&quot;_id&quot;:&quot;2fb6f9e&quot;,&quot;jet_parallax_layout_image&quot;:{&quot;url&quot;:&quot;&quot;,&quot;id&quot;:&quot;&quot;,&quot;size&quot;:&quot;&quot;},&quot;jet_parallax_layout_image_tablet&quot;:{&quot;url&quot;:&quot;&quot;,&quot;id&quot;:&quot;&quot;,&quot;size&quot;:&quot;&quot;},&quot;jet_parallax_layout_image_mobile&quot;:{&quot;url&quot;:&quot;&quot;,&quot;id&quot;:&quot;&quot;,&quot;size&quot;:&quot;&quot;},&quot;jet_parallax_layout_speed&quot;:{&quot;unit&quot;:&quot;%&quot;,&quot;size&quot;:50,&quot;sizes&quot;:[]},&quot;jet_parallax_layout_type&quot;:&quot;scroll&quot;,&quot;jet_parallax_layout_direction&quot;:null,&quot;jet_parallax_layout_fx_direction&quot;:null,&quot;jet_parallax_layout_z_index&quot;:&quot;&quot;,&quot;jet_parallax_layout_bg_x&quot;:50,&quot;jet_parallax_layout_bg_x_tablet&quot;:&quot;&quot;,&quot;jet_parallax_layout_bg_x_mobile&quot;:&quot;&quot;,&quot;jet_parallax_layout_bg_y&quot;:50,&quot;jet_parallax_layout_bg_y_tablet&quot;:&quot;&quot;,&quot;jet_parallax_layout_bg_y_mobile&quot;:&quot;&quot;,&quot;jet_parallax_layout_bg_size&quot;:&quot;auto&quot;,&quot;jet_parallax_layout_bg_size_tablet&quot;:&quot;&quot;,&quot;jet_parallax_layout_bg_size_mobile&quot;:&quot;&quot;,&quot;jet_parallax_layout_animation_prop&quot;:&quot;transform&quot;,&quot;jet_parallax_layout_on&quot;:[&quot;desktop&quot;,&quot;tablet&quot;]}]}\">\n\t\t\t\t\t\t<div class=\"elementor-container elementor-column-gap-default\">\n\t\t\t\t\t<div class=\"elementor-column elementor-col-100 elementor-top-column elementor-element elementor-element-5435122\" data-id=\"5435122\" data-element_type=\"column\">\n\t\t\t<div class=\"elementor-widget-wrap elementor-element-populated\">\n\t\t\t\t\t\t<div class=\"elementor-element elementor-element-e2401f3 elementor-widget elementor-widget-text-editor\" data-id=\"e2401f3\" data-element_type=\"widget\" data-widget_type=\"text-editor.default\">\n\t\t\t\t<div class=\"elementor-widget-container\">\n\t\t\t\t\t\t\t<strong>\u00a0<\/strong>\r\n<h2><strong>POL\u00cdTICA DE PRIVACITAT<\/strong><\/h2>\r\nA efecte del previst en el Reglament (UE) 2016\/679 de 27 d&#8217;abril del 2016 Manuel Gal\u00e1n Olmos amb NIF 41526305N i n\u00famero de col\u2022legiaci\u00f3 3765 de l\u2019Il\u2022lustre Col\u2022legi d\u2019 Advocats de Girona, d&#8217;ara endavant LEXIT LEGAL ADVOCATS, informa a l&#8217;Usuari que les seves dades de car\u00e0cter personal seran tractades amb la finalitat de prestar-li els serveis sol\u2022licitats i enviar-li la informaci\u00f3 sobre la nostra empresa que pugui ser del seu inter\u00e8s.\r\n\r\n<u>Envio i registre de dades de car\u00e0cter personal<\/u>\r\n\r\nL&#8217;enviament de dades de car\u00e0cter personal \u00e9s obligatori per contactar i rebre informaci\u00f3 sobre els serveis prestats per LEXIT LEGAL ADVOCATS. Aix\u00ed mateix, el no facilitar les dades personals sol\u2022licitades o el no acceptar la present pol\u00edtica de protecci\u00f3 de dades suposa la impossibilitat de subscriure&#8217;s, registrar-se o rebre informaci\u00f3 d&#8217;aquests serveis.\r\n\r\nQuan les dades de car\u00e0cter personal siguin obtingudes de l\u2019Usuari a trav\u00e9s de xarxes de comunicacions electr\u00f2niques o en el marc de la prestaci\u00f3 d&#8217;un servei de la societat de la informaci\u00f3, aix\u00ed com en aquells altres sup\u00f2sits expressament establerts per la llei o quan aix\u00ed ho autoritzi l&#8217;Ag\u00e8ncia Espanyola de Protecci\u00f3 de Dades, el responsable del tractament podr\u00e0 donar compliment al deure d&#8217;informaci\u00f3 que estableix l&#8217;article 13 del Reglament (UE) 2016\/679 facilitant l&#8217;afectat almenys la informaci\u00f3 b\u00e0sica seg\u00fcent:\r\n<ul>\r\n \t<li>a) La identitat del responsable del tractament i del seu representant, si escau.<\/li>\r\n \t<li>b) La finalitat del tractament.<\/li>\r\n \t<li>c) La manera en qu\u00e8 l&#8217;afectat podr\u00e0 exercitar els drets que estableixen els articles 15 a 22 del Reglament (UE) 2016\/679.<\/li>\r\n<\/ul>\r\nTanmateix, els responsables i encarregats del tractament o, si s&#8217;escau, els seus representants hauran de mantenir el registre d&#8217;activitats de tractament a qu\u00e8 es refereix l&#8217;article 30 del Reglament (UE) 2016\/679, llevat que la empresa o organitzaci\u00f3 ocupin menys de 250 persones, amb l&#8217;excepci\u00f3 que el tractament que realitzi pugui comportar un risc per als drets i llibertats dels interessats, no sigui ocasional, o inclogui categories especials de dades personals indicades en l&#8217;article 9, apartat 1, o dades personals relatives a condemnes i infraccions penals a qu\u00e8 es refereix l&#8217;article 10 del Reglament (UE) 2016\/679.\r\n\r\nFinalment, l&#8217;article 5.1.f) del Reglament (UE) 2016\/679 determina la necessitat d&#8217;establir garanties de seguretat adequades contra el tractament no autoritzat o il\u2022l\u00edcit, contra la p\u00e8rdua de les dades personals, la destrucci\u00f3 o el dany accidental. Aix\u00f2 implica l&#8217;establiment de mesures t\u00e8cniques i organitzatives encaminades a assegurar la integritat i confidencialitat de les dades personals i la possibilitat (article 5.2) de demostrar que aquestes mesures s&#8217;han portat a la pr\u00e0ctica (responsabilitat proactiva).\r\n\r\n<u>Exactitud i veracitat de les dades facilitades.<\/u>\r\n\r\nL&#8217;Usuari que envia la informaci\u00f3 a LEXIT LEGAL ADVOCATS \u00e9s l&#8217;\u00fanic responsable de la veracitat i correcci\u00f3 de les dades incloses, exonerant-se LEXIT LEGAL ADVOCATS de qualsevol responsabilitat sobre aquest tema.\r\n\r\nEls usuaris garanteixen i responen, en qualsevol cas, de l&#8217;exactitud, vig\u00e8ncia i autenticitat de les dades personals facilitades, i es comprometen a mantenir-los degudament actualitzats. L&#8217;Usuari accepta proporcionar informaci\u00f3 completa i correcta en el formulari de registre o subscripci\u00f3.\r\n\r\nLEXIT LEGAL ADVOCATS no respon de la veracitat de les informacions que no siguin d&#8217;elaboraci\u00f3 pr\u00f2pia i de les quals s&#8217;indiqui una altra font, per la qual cosa tampoc assumeix responsabilitat alguna quant a hipot\u00e8tics perjudicis que poguessin originar-se per l&#8217;\u00fas d&#8217;aquesta informaci\u00f3. S&#8217;exonera a LEXIT LEGAL ADVOCATS de responsabilitat davant qualsevol dany o perjudici que pogu\u00e9s sofrir l&#8217;Usuari com a conseq\u00fc\u00e8ncia d&#8217;errors, defectes o omissions, en la informaci\u00f3 facilitada per LEXIT LEGAL ADVOCATS sempre que procedeixi de fonts alienes a LEXIT LEGAL ADVOCATS.\r\n\r\n<u>Cessi\u00f3 de dades a tercers<\/u>\r\n\r\nLEXIT LEGAL ADVOCATS no cedir\u00e0 les dades personals a tercers. No obstant aix\u00f2, en el cas de ser cedits a algun tercer es produiria una informaci\u00f3 pr\u00e8via sol\u2022licitant el consentiment expr\u00e9s de l&#8217;afectat en virtut de l&#8217;article 4.11 del Reglament (UE) 2016\/679 de 27 d&#8217;abril del 2016.\r\n\r\n<u>Conservaci\u00f3 de les dades<\/u>\r\n\r\nEn qualsevol cas, el temps de conservaci\u00f3 ser\u00e0 l\u2019indispensable, i haur\u00e0 de mantenir-se com a m\u00ednim:\r\n<ul>\r\n \t<li>4 anys: Llei sobre infraccions i sancions en l&#8217;ordre social (obligacions en mat\u00e8ria d&#8217;afiliaci\u00f3, altes, baixes, cotitzaci\u00f3, pagament de salaris &#8230;); Arts. 66 i s. Llei general tribut\u00e0ria (llibres de comptabilitat &#8230;)<\/li>\r\n \t<li>5 anys: Art. 1964 Codi Civil (accions personals sense termini especial)<\/li>\r\n \t<li>6 anys: Art. 30 Codi de Comer\u00e7 (llibres de comptabilitat, factures &#8230;)<\/li>\r\n \t<li>10 anys: Art. 25 Llei de Prevenci\u00f3 del Blanqueig de Capitals i Finan\u00e7ament del Terrorisme.<\/li>\r\n<\/ul>\r\n<u>Exercici de drets d&#8217;acc\u00e9s, rectificaci\u00f3, supressi\u00f3, limitaci\u00f3, portabilitat i oposici\u00f3<\/u>\r\n\r\nPodr\u00e0 dirigir les seves comunicacions i exercitar els drets d&#8217;acc\u00e9s, rectificaci\u00f3, supressi\u00f3, limitaci\u00f3, portabilitat i oposici\u00f3 a trav\u00e9s de correu postal en LEXIT LEGAL ADVOCATS Pla\u00e7a Poeta Marquina 6, 1r B 17001 \u2013 Girona\u00a0o a l&#8217;email dpo@lexitlegal.com juntament amb prova v\u00e0lida en dret, com a fotoc\u00f2pia del D.N.I. i indicant en l&#8217;assumpte &#8220;PROTECCI\u00d3 DE DADES&#8221;.\r\n\r\n<u>Acceptaci\u00f3 i consentiment<\/u>\r\n\r\nL&#8217;Usuari declara haver estat informat de les condicions sobre protecci\u00f3 de dades de car\u00e0cter personal, acceptant i consentint el tractament de les mateixes per part de LEXIT LEGAL ADVOCATS, en la forma i per a les finalitats indicades en la present Pol\u00edtica de Protecci\u00f3 de Dades Personals.\r\n\r\n<u>Canvis en la present pol\u00edtica de privacitat.<\/u>\r\n\r\nLEXIT LEGAL ADVOCATS es reserva el dret a modificar la present pol\u00edtica per adaptar-la a novetats legislatives o jurisprudencials aix\u00ed com a pr\u00e0ctiques de la ind\u00fastria. En aquests sup\u00f2sits, LEXIT LEGAL ADVOCATS anunciar\u00e0 en aquesta p\u00e0gina els canvis introdu\u00efts amb raonable antelaci\u00f3 a la seva posada en pr\u00e0ctica\r\n\r\n<u>reCAPTCHA<\/u>\r\n\r\nUtilitzem el servei reCAPTCHA de Google Inc. (Google, ara en endavant) per protegir les dades enviades a trav\u00e9s dels formularis de les p\u00e0gines dels nostres usuaris. Aquest servei permet diferenciar les dades enviades per persones dels missatges automatitzats i suposa la transmissi\u00f3 de l&#8217;adre\u00e7a IP i altres dades requerides per Google per a l&#8217;\u00fas del servei reCAPTCHA. Amb aquesta finalitat, les dades seran transmeses a Google per poder ser utilitzades. L&#8217;adre\u00e7a IP ser\u00e0 encriptada per Google en els estats membres de la Uni\u00f3 Europea aix\u00ed com en els estats associats a l&#8217;espai econ\u00f2mic europeu. Nom\u00e9s en alguns casos excepcionals, les adreces IP seran transmeses al servidor de Google als Estats Units per a la seva encriptaci\u00f3. En nom del propietari d&#8217;aquest lloc web, Google utilitzar\u00e0 aquestes informacions per avaluar l&#8217;\u00fas del servei per part dels usuaris. L&#8217;adre\u00e7a IP transmesa per reCAPTCHA es mantindr\u00e0 separada d&#8217;altres dades de Google. Per aquestes dades \u00e9s v\u00e0lida la pol\u00edtica de privacitat de Google. Tots els detalls sobre la pol\u00edtica de privadesa de Google es poden llegir a la p\u00e0gina <a href=\"https:\/\/www.google.com\/intl\/es\/policies\/privacy\/\">https:\/\/www.google.com\/intl\/es\/policies\/privacy\/<\/a> \r\n\r\nAl utilitzar el servei reCAPTCHA, l&#8217;usuari consent el tractament de les dades sobre ell de les que Google disposa en la forma i prop\u00f2sits abans establerts.\t\t\t\t\t\t<\/div>\n\t\t\t\t<\/div>\n\t\t\t\t\t<\/div>\n\t\t<\/div>\n\t\t\t\t\t<\/div>\n\t\t<\/section>\n\t\t\t\t<\/div>\n\t\t","protected":false},"excerpt":{"rendered":"<p>\u00a0 POL\u00cdTICA DE PRIVACITAT A efecte del previst en el Reglament (UE) 2016\/679 de 27 d&#8217;abril del 2016 Manuel Gal\u00e1n Olmos amb NIF 41526305N i n\u00famero de col\u2022legiaci\u00f3 3765 de l\u2019Il\u2022lustre Col\u2022legi d\u2019 Advocats de Girona, d&#8217;ara endavant LEXIT LEGAL ADVOCATS, informa a l&#8217;Usuari que les seves dades de car\u00e0cter personal seran tractades amb la &#8230; <a title=\"Pol\u00edtica de privacitat\" class=\"read-more\" href=\"https:\/\/lexitlegal.com\/ca\/politica-de-privacitat\/\" aria-label=\"More on Pol\u00edtica de privacitat\">Read more<\/a><\/p>\n","protected":false},"author":1,"featured_media":0,"parent":0,"menu_order":0,"comment_status":"closed","ping_status":"closed","template":"","meta":{"_joinchat":[],"footnotes":""},"class_list":["post-671","page","type-page","status-publish"],"yoast_head":"<!-- This site is optimized with the Yoast SEO plugin v25.6 - https:\/\/yoast.com\/wordpress\/plugins\/seo\/ -->\n<title>Pol\u00edtica de privacitat - Lexit Legal Advocats<\/title>\n<meta name=\"robots\" content=\"noindex, nofollow\" \/>\n<meta property=\"og:locale\" content=\"ca_ES\" \/>\n<meta property=\"og:type\" content=\"article\" \/>\n<meta property=\"og:title\" content=\"Pol\u00edtica de privacitat - Lexit Legal Advocats\" \/>\n<meta property=\"og:description\" content=\"\u00a0 POL\u00cdTICA DE PRIVACITAT A efecte del previst en el Reglament (UE) 2016\/679 de 27 d&#8217;abril del 2016 Manuel Gal\u00e1n Olmos amb NIF 41526305N i n\u00famero de col\u2022legiaci\u00f3 3765 de l\u2019Il\u2022lustre Col\u2022legi d\u2019 Advocats de Girona, d&#8217;ara endavant LEXIT LEGAL ADVOCATS, informa a l&#8217;Usuari que les seves dades de car\u00e0cter personal seran tractades amb la ... Read more\" \/>\n<meta property=\"og:url\" content=\"https:\/\/lexitlegal.com\/politica-de-privacidad\/\" \/>\n<meta property=\"og:site_name\" content=\"Lexit Legal Advocats\" \/>\n<meta property=\"article:publisher\" content=\"https:\/\/m.facebook.com\/Lexit-Legal-Advocats-107647294479881\/\" \/>\n<meta property=\"article:modified_time\" content=\"2022-09-14T08:41:28+00:00\" \/>\n<meta name=\"twitter:card\" content=\"summary_large_image\" \/>\n<meta name=\"twitter:label1\" content=\"Temps estimat de lectura\" \/>\n\t<meta name=\"twitter:data1\" content=\"6 minuts\" \/>\n<script type=\"application\/ld+json\" class=\"yoast-schema-graph\">{\"@context\":\"https:\/\/schema.org\",\"@graph\":[{\"@type\":\"WebPage\",\"@id\":\"https:\/\/lexitlegal.com\/politica-de-privacidad\/\",\"url\":\"https:\/\/lexitlegal.com\/politica-de-privacidad\/\",\"name\":\"Pol\u00edtica de privacitat - Lexit Legal Advocats\",\"isPartOf\":{\"@id\":\"https:\/\/lexitlegal.com\/#website\"},\"datePublished\":\"2020-11-03T12:04:27+00:00\",\"dateModified\":\"2022-09-14T08:41:28+00:00\",\"breadcrumb\":{\"@id\":\"https:\/\/lexitlegal.com\/politica-de-privacidad\/#breadcrumb\"},\"inLanguage\":\"ca\",\"potentialAction\":[{\"@type\":\"ReadAction\",\"target\":[\"https:\/\/lexitlegal.com\/politica-de-privacidad\/\"]}]},{\"@type\":\"BreadcrumbList\",\"@id\":\"https:\/\/lexitlegal.com\/politica-de-privacidad\/#breadcrumb\",\"itemListElement\":[{\"@type\":\"ListItem\",\"position\":1,\"name\":\"Portada\",\"item\":\"https:\/\/lexitlegal.com\/\"},{\"@type\":\"ListItem\",\"position\":2,\"name\":\"Pol\u00edtica de privacitat\"}]},{\"@type\":\"WebSite\",\"@id\":\"https:\/\/lexitlegal.com\/#website\",\"url\":\"https:\/\/lexitlegal.com\/\",\"name\":\"Lexit Legal Advocats\",\"description\":\"\",\"publisher\":{\"@id\":\"https:\/\/lexitlegal.com\/#organization\"},\"potentialAction\":[{\"@type\":\"SearchAction\",\"target\":{\"@type\":\"EntryPoint\",\"urlTemplate\":\"https:\/\/lexitlegal.com\/?s={search_term_string}\"},\"query-input\":{\"@type\":\"PropertyValueSpecification\",\"valueRequired\":true,\"valueName\":\"search_term_string\"}}],\"inLanguage\":\"ca\"},{\"@type\":\"Organization\",\"@id\":\"https:\/\/lexitlegal.com\/#organization\",\"name\":\"Lexit Legal Advocats\",\"url\":\"https:\/\/lexitlegal.com\/\",\"logo\":{\"@type\":\"ImageObject\",\"inLanguage\":\"ca\",\"@id\":\"https:\/\/lexitlegal.com\/#\/schema\/logo\/image\/\",\"url\":\"https:\/\/lexitlegal.com\/wp-content\/uploads\/2020\/09\/lexit-advocats.svg\",\"contentUrl\":\"https:\/\/lexitlegal.com\/wp-content\/uploads\/2020\/09\/lexit-advocats.svg\",\"width\":273.317,\"height\":51.068,\"caption\":\"Lexit Legal Advocats\"},\"image\":{\"@id\":\"https:\/\/lexitlegal.com\/#\/schema\/logo\/image\/\"},\"sameAs\":[\"https:\/\/m.facebook.com\/Lexit-Legal-Advocats-107647294479881\/\",\"https:\/\/www.linkedin.com\/company\/lexit-legal-advocats\"]}]}<\/script>\n<!-- \/ Yoast SEO plugin. -->","yoast_head_json":{"title":"Pol\u00edtica de privacitat - Lexit Legal Advocats","robots":{"index":"noindex","follow":"nofollow"},"og_locale":"ca_ES","og_type":"article","og_title":"Pol\u00edtica de privacitat - Lexit Legal Advocats","og_description":"\u00a0 POL\u00cdTICA DE PRIVACITAT A efecte del previst en el Reglament (UE) 2016\/679 de 27 d&#8217;abril del 2016 Manuel Gal\u00e1n Olmos amb NIF 41526305N i n\u00famero de col\u2022legiaci\u00f3 3765 de l\u2019Il\u2022lustre Col\u2022legi d\u2019 Advocats de Girona, d&#8217;ara endavant LEXIT LEGAL ADVOCATS, informa a l&#8217;Usuari que les seves dades de car\u00e0cter personal seran tractades amb la ... Read more","og_url":"https:\/\/lexitlegal.com\/politica-de-privacidad\/","og_site_name":"Lexit Legal Advocats","article_publisher":"https:\/\/m.facebook.com\/Lexit-Legal-Advocats-107647294479881\/","article_modified_time":"2022-09-14T08:41:28+00:00","twitter_card":"summary_large_image","twitter_misc":{"Temps estimat de lectura":"6 minuts"},"schema":{"@context":"https:\/\/schema.org","@graph":[{"@type":"WebPage","@id":"https:\/\/lexitlegal.com\/politica-de-privacidad\/","url":"https:\/\/lexitlegal.com\/politica-de-privacidad\/","name":"Pol\u00edtica de privacitat - Lexit Legal Advocats","isPartOf":{"@id":"https:\/\/lexitlegal.com\/#website"},"datePublished":"2020-11-03T12:04:27+00:00","dateModified":"2022-09-14T08:41:28+00:00","breadcrumb":{"@id":"https:\/\/lexitlegal.com\/politica-de-privacidad\/#breadcrumb"},"inLanguage":"ca","potentialAction":[{"@type":"ReadAction","target":["https:\/\/lexitlegal.com\/politica-de-privacidad\/"]}]},{"@type":"BreadcrumbList","@id":"https:\/\/lexitlegal.com\/politica-de-privacidad\/#breadcrumb","itemListElement":[{"@type":"ListItem","position":1,"name":"Portada","item":"https:\/\/lexitlegal.com\/"},{"@type":"ListItem","position":2,"name":"Pol\u00edtica de privacitat"}]},{"@type":"WebSite","@id":"https:\/\/lexitlegal.com\/#website","url":"https:\/\/lexitlegal.com\/","name":"Lexit Legal Advocats","description":"","publisher":{"@id":"https:\/\/lexitlegal.com\/#organization"},"potentialAction":[{"@type":"SearchAction","target":{"@type":"EntryPoint","urlTemplate":"https:\/\/lexitlegal.com\/?s={search_term_string}"},"query-input":{"@type":"PropertyValueSpecification","valueRequired":true,"valueName":"search_term_string"}}],"inLanguage":"ca"},{"@type":"Organization","@id":"https:\/\/lexitlegal.com\/#organization","name":"Lexit Legal Advocats","url":"https:\/\/lexitlegal.com\/","logo":{"@type":"ImageObject","inLanguage":"ca","@id":"https:\/\/lexitlegal.com\/#\/schema\/logo\/image\/","url":"https:\/\/lexitlegal.com\/wp-content\/uploads\/2020\/09\/lexit-advocats.svg","contentUrl":"https:\/\/lexitlegal.com\/wp-content\/uploads\/2020\/09\/lexit-advocats.svg","width":273.317,"height":51.068,"caption":"Lexit Legal Advocats"},"image":{"@id":"https:\/\/lexitlegal.com\/#\/schema\/logo\/image\/"},"sameAs":["https:\/\/m.facebook.com\/Lexit-Legal-Advocats-107647294479881\/","https:\/\/www.linkedin.com\/company\/lexit-legal-advocats"]}]}},"_links":{"self":[{"href":"https:\/\/lexitlegal.com\/ca\/wp-json\/wp\/v2\/pages\/671"}],"collection":[{"href":"https:\/\/lexitlegal.com\/ca\/wp-json\/wp\/v2\/pages"}],"about":[{"href":"https:\/\/lexitlegal.com\/ca\/wp-json\/wp\/v2\/types\/page"}],"author":[{"embeddable":true,"href":"https:\/\/lexitlegal.com\/ca\/wp-json\/wp\/v2\/users\/1"}],"replies":[{"embeddable":true,"href":"https:\/\/lexitlegal.com\/ca\/wp-json\/wp\/v2\/comments?post=671"}],"version-history":[{"count":6,"href":"https:\/\/lexitlegal.com\/ca\/wp-json\/wp\/v2\/pages\/671\/revisions"}],"predecessor-version":[{"id":3522,"href":"https:\/\/lexitlegal.com\/ca\/wp-json\/wp\/v2\/pages\/671\/revisions\/3522"}],"wp:attachment":[{"href":"https:\/\/lexitlegal.com\/ca\/wp-json\/wp\/v2\/media?parent=671"}],"curies":[{"name":"wp","href":"https:\/\/api.w.org\/{rel}","templated":true}]}}